{"id":9043,"date":"2026-04-27T17:13:49","date_gmt":"2026-04-27T15:13:49","guid":{"rendered":"https:\/\/www.yos-studio.com\/wp-booking-calendar-contact\/"},"modified":"2026-04-27T17:13:49","modified_gmt":"2026-04-27T15:13:49","slug":"wp-booking-calendar-contact","status":"publish","type":"page","link":"https:\/\/www.yos-studio.com\/en\/wp-booking-calendar-contact\/","title":{"rendered":"Contact Form"},"content":{"rendered":" <div id=\"form_id924210465360\" class=\"wpbc_container wpbc_form wpbc_container_booking_form \" ><form id=\"booking_form1\" class=\"booking_form vertical\" method=\"post\" action=\"\"><div id=\"ajax_respond_insert1\" class=\"ajax_respond_insert\" style=\"display:none;\"><\/div><a name=\"bklnk1\" id=\"bklnk1\"><\/a><div id=\"booking_form_div1\" class=\"booking_form_div\"><textarea id=\"date_booking1\" name=\"date_booking1\" autocomplete=\"off\" style=\"display:none;\">13.01.2981<\/textarea><div style=\"clear:both;height:10px;\"><\/div><div class=\"wpbc_bfb_form wpbc_wizard__border_container\" style=\"--wpbc-bfb-booking_form_layout_width:100%;\">\n\t<div class=\"wpbc_wizard_step wpbc__form__div wpbc_wizard_step1\">\n\t\t<div class=\"wpbc__row\">\n\t\t\t<div style=\"flex-basis: 48.5%\" class=\"wpbc__field\">\n\t\t\t\t<div class=\"bfb_element\">\n\t\t\t\t\t<label>First Name<\/label>\n\t\t\t\t\t<br><span class=\"wpbc_wrap_text wpdev-form-control-wrap firstname1\"><input type=\"text\" name=\"firstname1\" value=\"\" autocomplete=\"firstname\" class=\"firstname wpdev-validates-as-required firstname\" placeholder=\"Example: &#039;John&#039;\" size=\"40\" \/><\/span>\n\t\t\t\t\t<div class=\"wpbc_field_description\">Enter your first name.<\/div>\n\t\t\t\t<\/div>\n\t\t\t<\/div>\n\t\t\t<div style=\"flex-basis: 48.5%\" class=\"wpbc__field\">\n\t\t\t\t<div class=\"bfb_element\">\n\t\t\t\t\t<label>Last Name<\/label>\n\t\t\t\t\t<br><span class=\"wpbc_wrap_text wpdev-form-control-wrap secondname1\"><input type=\"text\" name=\"secondname1\" value=\"\" autocomplete=\"secondname\" class=\"secondname lastname wpdev-validates-as-required lastname\" placeholder=\"Example: &#039;Smith&#039;\" size=\"40\" \/><\/span>\n\t\t\t\t\t<div class=\"wpbc_field_description\">Enter your last name.<\/div>\n\t\t\t\t<\/div>\n\t\t\t<\/div>\n\t\t<\/div>\n\t\t<div class=\"wpbc__row\">\n\t\t\t<div style=\"flex-basis: 100%\" class=\"wpbc__field\">\n\t\t\t\t<div class=\"bfb_element\">\n\t\t\t\t\t<label>Email<\/label>\n\t\t\t\t\t<br><span class=\"wpbc_wrap_text wpdev-form-control-wrap email1\"><input type=\"email\" name=\"email1\" value=\"\" autocomplete=\"email\" class=\"wpdev-validates-as-email wpdev-validates-as-required\" size=\"40\" \/><\/span>\n\t\t\t\t\t<div class=\"wpbc_field_description\">Enter your email address.<\/div>\n\t\t\t\t<\/div>\n\t\t\t<\/div>\n\t\t<\/div>\n\t\t<div class=\"wpbc__row\">\n\t\t\t<div style=\"flex-basis: 100%\" class=\"wpbc__field\">\n\t\t\t\t<div class=\"bfb_element\">\n\t\t\t\t\t<label>Message<\/label>\n\t\t\t\t\t<br><span class=\"wpbc_wrap_textarea wpdev-form-control-wrap textarea1\"><textarea name=\"textarea1\" autocomplete=\"textarea\"><\/textarea><\/span>\n\t\t\t\t<\/div>\n\t\t\t<\/div>\n\t\t<\/div>\n\t\t<div class=\"wpbc__row\">\n\t\t\t<div style=\"flex-basis: 100%;--wpbc-bfb-col-ai: flex-end;--wpbc-col-min: 0px\" class=\"wpbc__field\">\n\t\t\t\t<div class=\"bfb_element\">\n\t\t\t\t\t<span class=\"wpbc_bfb__btn wpbc_bfb__btn--primary\" style=\"flex:1\"><input type=\"button\" value=\"Send\" class=\"wpbc_button_light\" onclick=\"wpbc_booking_form_submit(this.form,1, 'en_US');\" \/><\/span>\n\t\t\t\t<\/div>\n\t\t\t<\/div>\n\t\t<\/div>\n\t<\/div>\n<\/div><input name=\"booking_form_type1\"  id=\"booking_form_type1\" type=\"hidden\" value=\"contact_form\"><input id=\"bk_type1\" name=\"bk_type1\" class=\"\" type=\"hidden\" value=\"1\" \/><\/div><div id=\"submiting1\"><\/div><div class=\"form_bk_messages\" id=\"form_bk_messages1\" ><\/div><input type=\"hidden\" id=\"wpbc_nonceCALCULATE_THE_COST1\" name=\"wpbc_nonceCALCULATE_THE_COST1\" value=\"b40738efdc\" \/><input type=\"hidden\" name=\"_wp_http_referer\" value=\"\/en\/wp-json\/wp\/v2\/pages\/9043\" \/><\/form><\/div><div id=\"booking_form_garbage1\" class=\"booking_form_garbage\"><\/div> \n","protected":false},"excerpt":{"rendered":"","protected":false},"author":0,"featured_media":0,"parent":0,"menu_order":2,"comment_status":"closed","ping_status":"closed","template":"","meta":{"footnotes":""},"yoast_head":"<!-- This site is optimized with the Yoast SEO plugin v23.5 - https:\/\/yoast.com\/wordpress\/plugins\/seo\/ -->\n<title>Contact Form - YOS Studio graficzne Pozna\u0144 - Agencja graficzna<\/title>\n<meta name=\"robots\" content=\"index, follow, max-snippet:-1, max-image-preview:large, max-video-preview:-1\" \/>\n<link rel=\"canonical\" href=\"https:\/\/www.yos-studio.com\/en\/wp-booking-calendar-contact\/\" \/>\n<meta property=\"og:locale\" content=\"en_US\" \/>\n<meta property=\"og:type\" content=\"article\" \/>\n<meta property=\"og:title\" content=\"Contact Form - YOS Studio graficzne Pozna\u0144 - Agencja graficzna\" \/>\n<meta property=\"og:url\" content=\"https:\/\/www.yos-studio.com\/en\/wp-booking-calendar-contact\/\" \/>\n<meta property=\"og:site_name\" content=\"YOS Studio graficzne Pozna\u0144 - Agencja graficzna\" \/>\n<meta property=\"article:publisher\" content=\"https:\/\/www.facebook.com\/YOS.studio\" \/>\n<meta property=\"og:image\" content=\"https:\/\/www.yos-studio.com\/wp-content\/uploads\/2020\/10\/yos-okladka-strony-02.png\" \/>\n\t<meta property=\"og:image:width\" content=\"651\" \/>\n\t<meta property=\"og:image:height\" content=\"343\" \/>\n\t<meta property=\"og:image:type\" content=\"image\/png\" \/>\n<meta name=\"twitter:card\" content=\"summary_large_image\" \/>\n<script type=\"application\/ld+json\" class=\"yoast-schema-graph\">{\"@context\":\"https:\/\/schema.org\",\"@graph\":[{\"@type\":\"WebPage\",\"@id\":\"https:\/\/www.yos-studio.com\/en\/wp-booking-calendar-contact\/\",\"url\":\"https:\/\/www.yos-studio.com\/en\/wp-booking-calendar-contact\/\",\"name\":\"Contact Form - YOS Studio graficzne Pozna\u0144 - Agencja graficzna\",\"isPartOf\":{\"@id\":\"https:\/\/www.yos-studio.com\/en\/#website\"},\"datePublished\":\"2026-04-27T15:13:49+00:00\",\"dateModified\":\"2026-04-27T15:13:49+00:00\",\"breadcrumb\":{\"@id\":\"https:\/\/www.yos-studio.com\/en\/wp-booking-calendar-contact\/#breadcrumb\"},\"inLanguage\":\"en-US\",\"potentialAction\":[{\"@type\":\"ReadAction\",\"target\":[[\"https:\/\/www.yos-studio.com\/en\/wp-booking-calendar-contact\/\"]]}]},{\"@type\":\"BreadcrumbList\",\"@id\":\"https:\/\/www.yos-studio.com\/en\/wp-booking-calendar-contact\/#breadcrumb\",\"itemListElement\":[{\"@type\":\"ListItem\",\"position\":1,\"name\":\"Home\",\"item\":\"https:\/\/www.yos-studio.com\/en\/\"},{\"@type\":\"ListItem\",\"position\":2,\"name\":\"Contact Form\"}]},{\"@type\":\"WebSite\",\"@id\":\"https:\/\/www.yos-studio.com\/en\/#website\",\"url\":\"https:\/\/www.yos-studio.com\/en\/\",\"name\":\"YOS Studio graficzne Pozna\u0144 - Agencja graficzna\",\"description\":\"YOS to studio graficzne i agencja graficzna z Poznania. Wyposa\u017camy firmy w systemy identyfikacji wizualnej. Kreujemy rozpoznawalne, mocne marki dla nowych firm, korporacji, produkt\u00f3w, instytucji i wydarze\u0144 kulturalnych.\",\"publisher\":{\"@id\":\"https:\/\/www.yos-studio.com\/en\/#organization\"},\"potentialAction\":[{\"@type\":\"SearchAction\",\"target\":{\"@type\":\"EntryPoint\",\"urlTemplate\":\"https:\/\/www.yos-studio.com\/en\/?s={search_term_string}\"},\"query-input\":{\"@type\":\"PropertyValueSpecification\",\"valueRequired\":true,\"valueName\":\"search_term_string\"}}],\"inLanguage\":\"en-US\"},{\"@type\":\"Organization\",\"@id\":\"https:\/\/www.yos-studio.com\/en\/#organization\",\"name\":\"YOS - Studio graficzne \/ Agencja reklamowa Pozna\u0144\",\"alternateName\":\"Studio graficzne Poznan\",\"url\":\"https:\/\/www.yos-studio.com\/en\/\",\"logo\":{\"@type\":\"ImageObject\",\"inLanguage\":\"en-US\",\"@id\":\"https:\/\/www.yos-studio.com\/en\/#\/schema\/logo\/image\/\",\"url\":\"https:\/\/www.yos-studio.com\/wp-content\/uploads\/2022\/03\/yos-studio-graficzne-poznan-projekt-logo.png\",\"contentUrl\":\"https:\/\/www.yos-studio.com\/wp-content\/uploads\/2022\/03\/yos-studio-graficzne-poznan-projekt-logo.png\",\"width\":501,\"height\":501,\"caption\":\"YOS - Studio graficzne \/ Agencja reklamowa Pozna\u0144\"},\"image\":{\"@id\":\"https:\/\/www.yos-studio.com\/en\/#\/schema\/logo\/image\/\"},\"sameAs\":[\"https:\/\/www.facebook.com\/YOS.studio\",\"https:\/\/www.instagram.com\/yos.studio\/?hl=pl\",\"https:\/\/www.linkedin.com\/in\/karolpawelek\/?originalSubdomain=pl\"]}]}<\/script>\n<!-- \/ Yoast SEO plugin. -->","yoast_head_json":{"title":"Contact Form - YOS Studio graficzne Pozna\u0144 - Agencja graficzna","robots":{"index":"index","follow":"follow","max-snippet":"max-snippet:-1","max-image-preview":"max-image-preview:large","max-video-preview":"max-video-preview:-1"},"canonical":"https:\/\/www.yos-studio.com\/en\/wp-booking-calendar-contact\/","og_locale":"en_US","og_type":"article","og_title":"Contact Form - YOS Studio graficzne Pozna\u0144 - Agencja graficzna","og_url":"https:\/\/www.yos-studio.com\/en\/wp-booking-calendar-contact\/","og_site_name":"YOS Studio graficzne Pozna\u0144 - Agencja graficzna","article_publisher":"https:\/\/www.facebook.com\/YOS.studio","og_image":[{"width":651,"height":343,"url":"https:\/\/www.yos-studio.com\/wp-content\/uploads\/2020\/10\/yos-okladka-strony-02.png","type":"image\/png"}],"twitter_card":"summary_large_image","schema":{"@context":"https:\/\/schema.org","@graph":[{"@type":"WebPage","@id":"https:\/\/www.yos-studio.com\/en\/wp-booking-calendar-contact\/","url":"https:\/\/www.yos-studio.com\/en\/wp-booking-calendar-contact\/","name":"Contact Form - YOS Studio graficzne Pozna\u0144 - Agencja graficzna","isPartOf":{"@id":"https:\/\/www.yos-studio.com\/en\/#website"},"datePublished":"2026-04-27T15:13:49+00:00","dateModified":"2026-04-27T15:13:49+00:00","breadcrumb":{"@id":"https:\/\/www.yos-studio.com\/en\/wp-booking-calendar-contact\/#breadcrumb"},"inLanguage":"en-US","potentialAction":[{"@type":"ReadAction","target":[["https:\/\/www.yos-studio.com\/en\/wp-booking-calendar-contact\/"]]}]},{"@type":"BreadcrumbList","@id":"https:\/\/www.yos-studio.com\/en\/wp-booking-calendar-contact\/#breadcrumb","itemListElement":[{"@type":"ListItem","position":1,"name":"Home","item":"https:\/\/www.yos-studio.com\/en\/"},{"@type":"ListItem","position":2,"name":"Contact Form"}]},{"@type":"WebSite","@id":"https:\/\/www.yos-studio.com\/en\/#website","url":"https:\/\/www.yos-studio.com\/en\/","name":"YOS Studio graficzne Pozna\u0144 - Agencja graficzna","description":"YOS to studio graficzne i agencja graficzna z Poznania. Wyposa\u017camy firmy w systemy identyfikacji wizualnej. Kreujemy rozpoznawalne, mocne marki dla nowych firm, korporacji, produkt\u00f3w, instytucji i wydarze\u0144 kulturalnych.","publisher":{"@id":"https:\/\/www.yos-studio.com\/en\/#organization"},"potentialAction":[{"@type":"SearchAction","target":{"@type":"EntryPoint","urlTemplate":"https:\/\/www.yos-studio.com\/en\/?s={search_term_string}"},"query-input":{"@type":"PropertyValueSpecification","valueRequired":true,"valueName":"search_term_string"}}],"inLanguage":"en-US"},{"@type":"Organization","@id":"https:\/\/www.yos-studio.com\/en\/#organization","name":"YOS - Studio graficzne \/ Agencja reklamowa Pozna\u0144","alternateName":"Studio graficzne Poznan","url":"https:\/\/www.yos-studio.com\/en\/","logo":{"@type":"ImageObject","inLanguage":"en-US","@id":"https:\/\/www.yos-studio.com\/en\/#\/schema\/logo\/image\/","url":"https:\/\/www.yos-studio.com\/wp-content\/uploads\/2022\/03\/yos-studio-graficzne-poznan-projekt-logo.png","contentUrl":"https:\/\/www.yos-studio.com\/wp-content\/uploads\/2022\/03\/yos-studio-graficzne-poznan-projekt-logo.png","width":501,"height":501,"caption":"YOS - Studio graficzne \/ Agencja reklamowa Pozna\u0144"},"image":{"@id":"https:\/\/www.yos-studio.com\/en\/#\/schema\/logo\/image\/"},"sameAs":["https:\/\/www.facebook.com\/YOS.studio","https:\/\/www.instagram.com\/yos.studio\/?hl=pl","https:\/\/www.linkedin.com\/in\/karolpawelek\/?originalSubdomain=pl"]}]}},"grid":"","phonegrid":"","_links":{"self":[{"href":"https:\/\/www.yos-studio.com\/en\/wp-json\/wp\/v2\/pages\/9043"}],"collection":[{"href":"https:\/\/www.yos-studio.com\/en\/wp-json\/wp\/v2\/pages"}],"about":[{"href":"https:\/\/www.yos-studio.com\/en\/wp-json\/wp\/v2\/types\/page"}],"replies":[{"embeddable":true,"href":"https:\/\/www.yos-studio.com\/en\/wp-json\/wp\/v2\/comments?post=9043"}],"version-history":[{"count":0,"href":"https:\/\/www.yos-studio.com\/en\/wp-json\/wp\/v2\/pages\/9043\/revisions"}],"wp:attachment":[{"href":"https:\/\/www.yos-studio.com\/en\/wp-json\/wp\/v2\/media?parent=9043"}],"curies":[{"name":"wp","href":"https:\/\/api.w.org\/{rel}","templated":true}]}}