{"id":8025,"date":"2024-08-13T20:05:03","date_gmt":"2024-08-13T19:05:03","guid":{"rendered":"https:\/\/www.yos-studio.com\/?page_id=8025"},"modified":"2025-02-19T13:11:00","modified_gmt":"2025-02-19T12:11:00","slug":"testy-vr","status":"publish","type":"page","link":"https:\/\/www.yos-studio.com\/en\/testy-vr\/","title":{"rendered":"Testy VR"},"content":{"rendered":"","protected":false},"excerpt":{"rendered":"","protected":false},"author":1,"featured_media":0,"parent":0,"menu_order":23,"comment_status":"closed","ping_status":"closed","template":"","meta":{"footnotes":""},"yoast_head":"<!-- This site is optimized with the Yoast SEO plugin v23.5 - https:\/\/yoast.com\/wordpress\/plugins\/seo\/ -->\n<title>Testy VR - YOS Studio graficzne Pozna\u0144 - Agencja graficzna<\/title>\n<meta name=\"robots\" content=\"index, follow, max-snippet:-1, max-image-preview:large, max-video-preview:-1\" \/>\n<link rel=\"canonical\" href=\"https:\/\/www.yos-studio.com\/en\/testy-vr\/\" \/>\n<meta property=\"og:locale\" content=\"en_US\" \/>\n<meta property=\"og:type\" content=\"article\" \/>\n<meta property=\"og:title\" content=\"Testy VR - YOS Studio graficzne Pozna\u0144 - Agencja graficzna\" \/>\n<meta property=\"og:url\" content=\"https:\/\/www.yos-studio.com\/en\/testy-vr\/\" \/>\n<meta property=\"og:site_name\" content=\"YOS Studio graficzne Pozna\u0144 - Agencja graficzna\" \/>\n<meta property=\"article:publisher\" content=\"https:\/\/www.facebook.com\/YOS.studio\" \/>\n<meta property=\"article:modified_time\" content=\"2025-02-19T12:11:00+00:00\" \/>\n<meta property=\"og:image\" content=\"https:\/\/www.yos-studio.com\/wp-content\/uploads\/2020\/10\/yos-okladka-strony-02.png\" \/>\n\t<meta property=\"og:image:width\" content=\"651\" \/>\n\t<meta property=\"og:image:height\" content=\"343\" \/>\n\t<meta property=\"og:image:type\" content=\"image\/png\" \/>\n<meta name=\"twitter:card\" content=\"summary_large_image\" \/>\n<script type=\"application\/ld+json\" class=\"yoast-schema-graph\">{\"@context\":\"https:\/\/schema.org\",\"@graph\":[{\"@type\":\"WebPage\",\"@id\":\"https:\/\/www.yos-studio.com\/en\/testy-vr\/\",\"url\":\"https:\/\/www.yos-studio.com\/en\/testy-vr\/\",\"name\":\"Testy VR - YOS Studio graficzne Pozna\u0144 - Agencja graficzna\",\"isPartOf\":{\"@id\":\"https:\/\/www.yos-studio.com\/en\/#website\"},\"datePublished\":\"2024-08-13T19:05:03+00:00\",\"dateModified\":\"2025-02-19T12:11:00+00:00\",\"breadcrumb\":{\"@id\":\"https:\/\/www.yos-studio.com\/en\/testy-vr\/#breadcrumb\"},\"inLanguage\":\"en-US\",\"potentialAction\":[{\"@type\":\"ReadAction\",\"target\":[[\"https:\/\/www.yos-studio.com\/en\/testy-vr\/\"]]}]},{\"@type\":\"BreadcrumbList\",\"@id\":\"https:\/\/www.yos-studio.com\/en\/testy-vr\/#breadcrumb\",\"itemListElement\":[{\"@type\":\"ListItem\",\"position\":1,\"name\":\"Home\",\"item\":\"https:\/\/www.yos-studio.com\/en\/\"},{\"@type\":\"ListItem\",\"position\":2,\"name\":\"Testy VR\"}]},{\"@type\":\"WebSite\",\"@id\":\"https:\/\/www.yos-studio.com\/en\/#website\",\"url\":\"https:\/\/www.yos-studio.com\/en\/\",\"name\":\"YOS Studio graficzne Pozna\u0144 - Agencja graficzna\",\"description\":\"YOS to studio graficzne i agencja graficzna z Poznania. Wyposa\u017camy firmy w systemy identyfikacji wizualnej. Kreujemy rozpoznawalne, mocne marki dla nowych firm, korporacji, produkt\u00f3w, instytucji i wydarze\u0144 kulturalnych.\",\"publisher\":{\"@id\":\"https:\/\/www.yos-studio.com\/en\/#organization\"},\"potentialAction\":[{\"@type\":\"SearchAction\",\"target\":{\"@type\":\"EntryPoint\",\"urlTemplate\":\"https:\/\/www.yos-studio.com\/en\/?s={search_term_string}\"},\"query-input\":{\"@type\":\"PropertyValueSpecification\",\"valueRequired\":true,\"valueName\":\"search_term_string\"}}],\"inLanguage\":\"en-US\"},{\"@type\":\"Organization\",\"@id\":\"https:\/\/www.yos-studio.com\/en\/#organization\",\"name\":\"YOS - Studio graficzne \/ Agencja reklamowa Pozna\u0144\",\"alternateName\":\"Studio graficzne Poznan\",\"url\":\"https:\/\/www.yos-studio.com\/en\/\",\"logo\":{\"@type\":\"ImageObject\",\"inLanguage\":\"en-US\",\"@id\":\"https:\/\/www.yos-studio.com\/en\/#\/schema\/logo\/image\/\",\"url\":\"https:\/\/www.yos-studio.com\/wp-content\/uploads\/2022\/03\/yos-studio-graficzne-poznan-projekt-logo.png\",\"contentUrl\":\"https:\/\/www.yos-studio.com\/wp-content\/uploads\/2022\/03\/yos-studio-graficzne-poznan-projekt-logo.png\",\"width\":501,\"height\":501,\"caption\":\"YOS - Studio graficzne \/ Agencja reklamowa Pozna\u0144\"},\"image\":{\"@id\":\"https:\/\/www.yos-studio.com\/en\/#\/schema\/logo\/image\/\"},\"sameAs\":[\"https:\/\/www.facebook.com\/YOS.studio\",\"https:\/\/www.instagram.com\/yos.studio\/?hl=pl\",\"https:\/\/www.linkedin.com\/in\/karolpawelek\/?originalSubdomain=pl\"]}]}<\/script>\n<!-- \/ Yoast SEO plugin. -->","yoast_head_json":{"title":"Testy VR - YOS Studio graficzne Pozna\u0144 - Agencja graficzna","robots":{"index":"index","follow":"follow","max-snippet":"max-snippet:-1","max-image-preview":"max-image-preview:large","max-video-preview":"max-video-preview:-1"},"canonical":"https:\/\/www.yos-studio.com\/en\/testy-vr\/","og_locale":"en_US","og_type":"article","og_title":"Testy VR - YOS Studio graficzne Pozna\u0144 - Agencja graficzna","og_url":"https:\/\/www.yos-studio.com\/en\/testy-vr\/","og_site_name":"YOS Studio graficzne Pozna\u0144 - Agencja graficzna","article_publisher":"https:\/\/www.facebook.com\/YOS.studio","article_modified_time":"2025-02-19T12:11:00+00:00","og_image":[{"width":651,"height":343,"url":"https:\/\/www.yos-studio.com\/wp-content\/uploads\/2020\/10\/yos-okladka-strony-02.png","type":"image\/png"}],"twitter_card":"summary_large_image","schema":{"@context":"https:\/\/schema.org","@graph":[{"@type":"WebPage","@id":"https:\/\/www.yos-studio.com\/en\/testy-vr\/","url":"https:\/\/www.yos-studio.com\/en\/testy-vr\/","name":"Testy VR - YOS Studio graficzne Pozna\u0144 - Agencja graficzna","isPartOf":{"@id":"https:\/\/www.yos-studio.com\/en\/#website"},"datePublished":"2024-08-13T19:05:03+00:00","dateModified":"2025-02-19T12:11:00+00:00","breadcrumb":{"@id":"https:\/\/www.yos-studio.com\/en\/testy-vr\/#breadcrumb"},"inLanguage":"en-US","potentialAction":[{"@type":"ReadAction","target":[["https:\/\/www.yos-studio.com\/en\/testy-vr\/"]]}]},{"@type":"BreadcrumbList","@id":"https:\/\/www.yos-studio.com\/en\/testy-vr\/#breadcrumb","itemListElement":[{"@type":"ListItem","position":1,"name":"Home","item":"https:\/\/www.yos-studio.com\/en\/"},{"@type":"ListItem","position":2,"name":"Testy VR"}]},{"@type":"WebSite","@id":"https:\/\/www.yos-studio.com\/en\/#website","url":"https:\/\/www.yos-studio.com\/en\/","name":"YOS Studio graficzne Pozna\u0144 - Agencja graficzna","description":"YOS to studio graficzne i agencja graficzna z Poznania. Wyposa\u017camy firmy w systemy identyfikacji wizualnej. Kreujemy rozpoznawalne, mocne marki dla nowych firm, korporacji, produkt\u00f3w, instytucji i wydarze\u0144 kulturalnych.","publisher":{"@id":"https:\/\/www.yos-studio.com\/en\/#organization"},"potentialAction":[{"@type":"SearchAction","target":{"@type":"EntryPoint","urlTemplate":"https:\/\/www.yos-studio.com\/en\/?s={search_term_string}"},"query-input":{"@type":"PropertyValueSpecification","valueRequired":true,"valueName":"search_term_string"}}],"inLanguage":"en-US"},{"@type":"Organization","@id":"https:\/\/www.yos-studio.com\/en\/#organization","name":"YOS - Studio graficzne \/ Agencja reklamowa Pozna\u0144","alternateName":"Studio graficzne Poznan","url":"https:\/\/www.yos-studio.com\/en\/","logo":{"@type":"ImageObject","inLanguage":"en-US","@id":"https:\/\/www.yos-studio.com\/en\/#\/schema\/logo\/image\/","url":"https:\/\/www.yos-studio.com\/wp-content\/uploads\/2022\/03\/yos-studio-graficzne-poznan-projekt-logo.png","contentUrl":"https:\/\/www.yos-studio.com\/wp-content\/uploads\/2022\/03\/yos-studio-graficzne-poznan-projekt-logo.png","width":501,"height":501,"caption":"YOS - Studio graficzne \/ Agencja reklamowa Pozna\u0144"},"image":{"@id":"https:\/\/www.yos-studio.com\/en\/#\/schema\/logo\/image\/"},"sameAs":["https:\/\/www.facebook.com\/YOS.studio","https:\/\/www.instagram.com\/yos.studio\/?hl=pl","https:\/\/www.linkedin.com\/in\/karolpawelek\/?originalSubdomain=pl"]}]}},"grid":"{\r\n  \"colCount\": 12,\r\n  \"colGutter\": 1,\r\n  \"rowGutters\": [\r\n    5,\r\n    5\r\n  ],\r\n  \"frameMargin\": 5,\r\n  \"leftFrameMargin\": 5,\r\n  \"rightFrameMargin\": 5,\r\n  \"topFrameMargin\": 130,\r\n  \"mus\": {\r\n    \"colGutterMu\": \"%\",\r\n    \"rowGutterMu\": \"%\",\r\n    \"topFrameMu\": \"px\",\r\n    \"bottomFrameMu\": \"%\",\r\n    \"frameMu\": \"%\"\r\n  },\r\n  \"bottomFrameMargin\": 5,\r\n  \"rowAttrs\": [\r\n    {\r\n      \"relid\": 9\r\n    },\r\n    {\r\n      \"relid\": 3\r\n    },\r\n    {\r\n      \"relid\": 4\r\n    }\r\n  ],\r\n  \"bgColor\": null,\r\n  \"bgImage\": null,\r\n  \"cont\": [\r\n    {\r\n      \"type\": \"html\",\r\n      \"cont\": \"<iframe src=\\\"https:\/\/www.retrogames.cc\/embed\/8137-contra-us-set-1.html\\\" width=\\\"600\\\" height=\\\"450\\\" frameborder=\\\"no\\\" allowfullscreen=\\\"true\\\" webkitallowfullscreen=\\\"true\\\" mozallowfullscreen=\\\"true\\\" scrolling=\\\"no\\\"><\/iframe>\",\r\n      \"align\": \"onethird\",\r\n      \"row\": 0,\r\n      \"col\": 0,\r\n      \"colspan\": 12,\r\n      \"offsetx\": 0,\r\n      \"offsety\": 0,\r\n      \"spaceabove\": 0,\r\n      \"spacebelow\": 0,\r\n      \"yvel\": 1,\r\n      \"push\": 0,\r\n      \"relid\": 11,\r\n      \"panelPosition\": {\r\n        \"width\": 1728,\r\n        \"height\": 850.4999999999999,\r\n        \"left\": \"96px\",\r\n        \"top\": \"47.25000000000006px\",\r\n        \"transform\": \"none\"\r\n      },\r\n      \"panelBodyHeight\": {\r\n        \"height\": \"714.4999999999999px\"\r\n      },\r\n      \"absolute_position\": false\r\n    },\r\n    {\r\n      \"type\": \"html\",\r\n      \"cont\": \"<script type=\\\"module\\\" src=\\\"https:\/\/unpkg.com\/@splinetool\/viewer@1.9.21\/build\/spline-viewer.js\\\"><\/script>\\r\\n<spline-viewer url=\\\"https:\/\/prod.spline.design\/js-96tFW78rLCG6G\/scene.splinecode\\\"><\/spline-viewer>\",\r\n      \"align\": \"onethird\",\r\n      \"row\": 1,\r\n      \"col\": 0,\r\n      \"colspan\": 12,\r\n      \"offsetx\": 0,\r\n      \"offsety\": 0,\r\n      \"spaceabove\": 0,\r\n      \"spacebelow\": 0,\r\n      \"yvel\": 1,\r\n      \"push\": 0,\r\n      \"relid\": 8,\r\n      \"panelPosition\": {\r\n        \"width\": 1512,\r\n        \"height\": 823.5,\r\n        \"left\": \"84px\",\r\n        \"top\": \"45.75px\",\r\n        \"transform\": \"none\"\r\n      },\r\n      \"panelBodyHeight\": {\r\n        \"height\": \"687.5px\"\r\n      },\r\n      \"absolute_position\": false,\r\n      \"frameOverflow\": \"\"\r\n    },\r\n    {\r\n      \"type\": \"html\",\r\n      \"cont\": \"<script type=\\\"module\\\" src=\\\"https:\/\/ajax.googleapis.com\/ajax\/libs\/model-viewer\/4.0.0\/model-viewer.min.js\\\"><\/script>\\r\\n\\r\\n<!-- Use it like any other HTML element -->\\r\\n<model-viewer alt=\\\"Neil Armstrong's Spacesuit from the Smithsonian Digitization Programs Office and National Air and Space Museum\\\" src=\\\"shared-assets\/models\/NeilArmstrong.glb\\\" ar environment-image=\\\"shared-assets\/environments\/moon_1k.hdr\\\" poster=\\\"shared-assets\/models\/NeilArmstrong.webp\\\" shadow-intensity=\\\"1\\\" camera-controls touch-action=\\\"pan-y\\\"><\/model-viewer>\",\r\n      \"align\": \"middle\",\r\n      \"row\": 2,\r\n      \"col\": 2,\r\n      \"colspan\": 6,\r\n      \"offsetx\": 0,\r\n      \"offsety\": 0,\r\n      \"spaceabove\": 0,\r\n      \"spacebelow\": 0,\r\n      \"yvel\": 1,\r\n      \"push\": 2,\r\n      \"relid\": 5,\r\n      \"panelPosition\": {\r\n        \"width\": 1728,\r\n        \"height\": 850.4999999999999,\r\n        \"left\": \"96px\",\r\n        \"top\": \"47.25000000000006px\",\r\n        \"transform\": \"none\"\r\n      },\r\n      \"panelBodyHeight\": {\r\n        \"height\": \"714.4999999999999px\"\r\n      },\r\n      \"absolute_position\": false,\r\n      \"frameOverflow\": \"\"\r\n    }\r\n  ]\r\n}","phonegrid":"","_links":{"self":[{"href":"https:\/\/www.yos-studio.com\/en\/wp-json\/wp\/v2\/pages\/8025"}],"collection":[{"href":"https:\/\/www.yos-studio.com\/en\/wp-json\/wp\/v2\/pages"}],"about":[{"href":"https:\/\/www.yos-studio.com\/en\/wp-json\/wp\/v2\/types\/page"}],"author":[{"embeddable":true,"href":"https:\/\/www.yos-studio.com\/en\/wp-json\/wp\/v2\/users\/1"}],"replies":[{"embeddable":true,"href":"https:\/\/www.yos-studio.com\/en\/wp-json\/wp\/v2\/comments?post=8025"}],"version-history":[{"count":0,"href":"https:\/\/www.yos-studio.com\/en\/wp-json\/wp\/v2\/pages\/8025\/revisions"}],"wp:attachment":[{"href":"https:\/\/www.yos-studio.com\/en\/wp-json\/wp\/v2\/media?parent=8025"}],"curies":[{"name":"wp","href":"https:\/\/api.w.org\/{rel}","templated":true}]}}