{"id":7314,"date":"2024-01-26T13:39:10","date_gmt":"2024-01-26T12:39:10","guid":{"rendered":"https:\/\/www.yos-studio.com\/contact-copy-2-copy\/"},"modified":"2025-04-18T09:48:00","modified_gmt":"2025-04-18T07:48:00","slug":"brief-wystawy","status":"publish","type":"page","link":"https:\/\/www.yos-studio.com\/en\/brief-wystawy\/","title":{"rendered":"BRIEF WYSTAWY ENG"},"content":{"rendered":"","protected":false},"excerpt":{"rendered":"","protected":false},"author":1,"featured_media":0,"parent":0,"menu_order":40,"comment_status":"closed","ping_status":"closed","template":"","meta":{"footnotes":""},"yoast_head":"<!-- This site is optimized with the Yoast SEO plugin v23.5 - https:\/\/yoast.com\/wordpress\/plugins\/seo\/ -->\n<title>BRIEF WYSTAWY ENG - YOS Studio graficzne Pozna\u0144 - Agencja graficzna<\/title>\n<meta name=\"description\" content=\"Potrzebujesz projektu wystawy? Opowiedz nam o swojej marce, a my zajmiemy si\u0119 reszt\u0105! Wype\u0142nij kr\u00f3tki brief i otrzymaj wst\u0119pn\u0105 wycen\u0119.\" \/>\n<meta name=\"robots\" content=\"index, follow, max-snippet:-1, max-image-preview:large, max-video-preview:-1\" \/>\n<link rel=\"canonical\" href=\"https:\/\/www.yos-studio.com\/en\/brief-wystawy\/\" \/>\n<meta property=\"og:locale\" content=\"en_US\" \/>\n<meta property=\"og:type\" content=\"article\" \/>\n<meta property=\"og:title\" content=\"BRIEF WYSTAWY ENG - YOS Studio graficzne Pozna\u0144 - Agencja graficzna\" \/>\n<meta property=\"og:description\" content=\"Potrzebujesz projektu wystawy? Opowiedz nam o swojej marce, a my zajmiemy si\u0119 reszt\u0105! Wype\u0142nij kr\u00f3tki brief i otrzymaj wst\u0119pn\u0105 wycen\u0119.\" \/>\n<meta property=\"og:url\" content=\"https:\/\/www.yos-studio.com\/en\/brief-wystawy\/\" \/>\n<meta property=\"og:site_name\" content=\"YOS Studio graficzne Pozna\u0144 - Agencja graficzna\" \/>\n<meta property=\"article:publisher\" content=\"https:\/\/www.facebook.com\/YOS.studio\" \/>\n<meta property=\"article:modified_time\" content=\"2025-04-18T07:48:00+00:00\" \/>\n<meta property=\"og:image\" content=\"https:\/\/www.yos-studio.com\/wp-content\/uploads\/2020\/10\/yos-okladka-strony-02.png\" \/>\n\t<meta property=\"og:image:width\" content=\"651\" \/>\n\t<meta property=\"og:image:height\" content=\"343\" \/>\n\t<meta property=\"og:image:type\" content=\"image\/png\" \/>\n<meta name=\"twitter:card\" content=\"summary_large_image\" \/>\n<meta name=\"twitter:label1\" content=\"Est. reading time\" \/>\n\t<meta name=\"twitter:data1\" content=\"1 minute\" \/>\n<script type=\"application\/ld+json\" class=\"yoast-schema-graph\">{\"@context\":\"https:\/\/schema.org\",\"@graph\":[{\"@type\":\"WebPage\",\"@id\":\"https:\/\/www.yos-studio.com\/en\/brief-wystawy\/\",\"url\":\"https:\/\/www.yos-studio.com\/en\/brief-wystawy\/\",\"name\":\"BRIEF WYSTAWY ENG - YOS Studio graficzne Pozna\u0144 - Agencja graficzna\",\"isPartOf\":{\"@id\":\"https:\/\/www.yos-studio.com\/en\/#website\"},\"datePublished\":\"2024-01-26T12:39:10+00:00\",\"dateModified\":\"2025-04-18T07:48:00+00:00\",\"description\":\"Potrzebujesz projektu wystawy? Opowiedz nam o swojej marce, a my zajmiemy si\u0119 reszt\u0105! Wype\u0142nij kr\u00f3tki brief i otrzymaj wst\u0119pn\u0105 wycen\u0119.\",\"breadcrumb\":{\"@id\":\"https:\/\/www.yos-studio.com\/en\/brief-wystawy\/#breadcrumb\"},\"inLanguage\":\"en-US\",\"potentialAction\":[{\"@type\":\"ReadAction\",\"target\":[[\"https:\/\/www.yos-studio.com\/en\/brief-wystawy\/\"]]}]},{\"@type\":\"BreadcrumbList\",\"@id\":\"https:\/\/www.yos-studio.com\/en\/brief-wystawy\/#breadcrumb\",\"itemListElement\":[{\"@type\":\"ListItem\",\"position\":1,\"name\":\"Home\",\"item\":\"https:\/\/www.yos-studio.com\/en\/\"},{\"@type\":\"ListItem\",\"position\":2,\"name\":\"BRIEF WYSTAWY PL\"}]},{\"@type\":\"WebSite\",\"@id\":\"https:\/\/www.yos-studio.com\/en\/#website\",\"url\":\"https:\/\/www.yos-studio.com\/en\/\",\"name\":\"YOS Studio graficzne Pozna\u0144 - Agencja graficzna\",\"description\":\"YOS to studio graficzne i agencja graficzna z Poznania. Wyposa\u017camy firmy w systemy identyfikacji wizualnej. Kreujemy rozpoznawalne, mocne marki dla nowych firm, korporacji, produkt\u00f3w, instytucji i wydarze\u0144 kulturalnych.\",\"publisher\":{\"@id\":\"https:\/\/www.yos-studio.com\/en\/#organization\"},\"potentialAction\":[{\"@type\":\"SearchAction\",\"target\":{\"@type\":\"EntryPoint\",\"urlTemplate\":\"https:\/\/www.yos-studio.com\/en\/?s={search_term_string}\"},\"query-input\":{\"@type\":\"PropertyValueSpecification\",\"valueRequired\":true,\"valueName\":\"search_term_string\"}}],\"inLanguage\":\"en-US\"},{\"@type\":\"Organization\",\"@id\":\"https:\/\/www.yos-studio.com\/en\/#organization\",\"name\":\"YOS - Studio graficzne \/ Agencja reklamowa Pozna\u0144\",\"alternateName\":\"Studio graficzne Poznan\",\"url\":\"https:\/\/www.yos-studio.com\/en\/\",\"logo\":{\"@type\":\"ImageObject\",\"inLanguage\":\"en-US\",\"@id\":\"https:\/\/www.yos-studio.com\/en\/#\/schema\/logo\/image\/\",\"url\":\"https:\/\/www.yos-studio.com\/wp-content\/uploads\/2022\/03\/yos-studio-graficzne-poznan-projekt-logo.png\",\"contentUrl\":\"https:\/\/www.yos-studio.com\/wp-content\/uploads\/2022\/03\/yos-studio-graficzne-poznan-projekt-logo.png\",\"width\":501,\"height\":501,\"caption\":\"YOS - Studio graficzne \/ Agencja reklamowa Pozna\u0144\"},\"image\":{\"@id\":\"https:\/\/www.yos-studio.com\/en\/#\/schema\/logo\/image\/\"},\"sameAs\":[\"https:\/\/www.facebook.com\/YOS.studio\",\"https:\/\/www.instagram.com\/yos.studio\/?hl=pl\",\"https:\/\/www.linkedin.com\/in\/karolpawelek\/?originalSubdomain=pl\"]}]}<\/script>\n<!-- \/ Yoast SEO plugin. -->","yoast_head_json":{"title":"BRIEF WYSTAWY ENG - YOS Studio graficzne Pozna\u0144 - Agencja graficzna","description":"Potrzebujesz projektu wystawy? Opowiedz nam o swojej marce, a my zajmiemy si\u0119 reszt\u0105! Wype\u0142nij kr\u00f3tki brief i otrzymaj wst\u0119pn\u0105 wycen\u0119.","robots":{"index":"index","follow":"follow","max-snippet":"max-snippet:-1","max-image-preview":"max-image-preview:large","max-video-preview":"max-video-preview:-1"},"canonical":"https:\/\/www.yos-studio.com\/en\/brief-wystawy\/","og_locale":"en_US","og_type":"article","og_title":"BRIEF WYSTAWY ENG - YOS Studio graficzne Pozna\u0144 - Agencja graficzna","og_description":"Potrzebujesz projektu wystawy? Opowiedz nam o swojej marce, a my zajmiemy si\u0119 reszt\u0105! Wype\u0142nij kr\u00f3tki brief i otrzymaj wst\u0119pn\u0105 wycen\u0119.","og_url":"https:\/\/www.yos-studio.com\/en\/brief-wystawy\/","og_site_name":"YOS Studio graficzne Pozna\u0144 - Agencja graficzna","article_publisher":"https:\/\/www.facebook.com\/YOS.studio","article_modified_time":"2025-04-18T07:48:00+00:00","og_image":[{"width":651,"height":343,"url":"https:\/\/www.yos-studio.com\/wp-content\/uploads\/2020\/10\/yos-okladka-strony-02.png","type":"image\/png"}],"twitter_card":"summary_large_image","twitter_misc":{"Est. reading time":"1 minute"},"schema":{"@context":"https:\/\/schema.org","@graph":[{"@type":"WebPage","@id":"https:\/\/www.yos-studio.com\/en\/brief-wystawy\/","url":"https:\/\/www.yos-studio.com\/en\/brief-wystawy\/","name":"BRIEF WYSTAWY ENG - YOS Studio graficzne Pozna\u0144 - Agencja graficzna","isPartOf":{"@id":"https:\/\/www.yos-studio.com\/en\/#website"},"datePublished":"2024-01-26T12:39:10+00:00","dateModified":"2025-04-18T07:48:00+00:00","description":"Potrzebujesz projektu wystawy? Opowiedz nam o swojej marce, a my zajmiemy si\u0119 reszt\u0105! Wype\u0142nij kr\u00f3tki brief i otrzymaj wst\u0119pn\u0105 wycen\u0119.","breadcrumb":{"@id":"https:\/\/www.yos-studio.com\/en\/brief-wystawy\/#breadcrumb"},"inLanguage":"en-US","potentialAction":[{"@type":"ReadAction","target":[["https:\/\/www.yos-studio.com\/en\/brief-wystawy\/"]]}]},{"@type":"BreadcrumbList","@id":"https:\/\/www.yos-studio.com\/en\/brief-wystawy\/#breadcrumb","itemListElement":[{"@type":"ListItem","position":1,"name":"Home","item":"https:\/\/www.yos-studio.com\/en\/"},{"@type":"ListItem","position":2,"name":"BRIEF WYSTAWY PL"}]},{"@type":"WebSite","@id":"https:\/\/www.yos-studio.com\/en\/#website","url":"https:\/\/www.yos-studio.com\/en\/","name":"YOS Studio graficzne Pozna\u0144 - Agencja graficzna","description":"YOS to studio graficzne i agencja graficzna z Poznania. Wyposa\u017camy firmy w systemy identyfikacji wizualnej. Kreujemy rozpoznawalne, mocne marki dla nowych firm, korporacji, produkt\u00f3w, instytucji i wydarze\u0144 kulturalnych.","publisher":{"@id":"https:\/\/www.yos-studio.com\/en\/#organization"},"potentialAction":[{"@type":"SearchAction","target":{"@type":"EntryPoint","urlTemplate":"https:\/\/www.yos-studio.com\/en\/?s={search_term_string}"},"query-input":{"@type":"PropertyValueSpecification","valueRequired":true,"valueName":"search_term_string"}}],"inLanguage":"en-US"},{"@type":"Organization","@id":"https:\/\/www.yos-studio.com\/en\/#organization","name":"YOS - Studio graficzne \/ Agencja reklamowa Pozna\u0144","alternateName":"Studio graficzne Poznan","url":"https:\/\/www.yos-studio.com\/en\/","logo":{"@type":"ImageObject","inLanguage":"en-US","@id":"https:\/\/www.yos-studio.com\/en\/#\/schema\/logo\/image\/","url":"https:\/\/www.yos-studio.com\/wp-content\/uploads\/2022\/03\/yos-studio-graficzne-poznan-projekt-logo.png","contentUrl":"https:\/\/www.yos-studio.com\/wp-content\/uploads\/2022\/03\/yos-studio-graficzne-poznan-projekt-logo.png","width":501,"height":501,"caption":"YOS - Studio graficzne \/ Agencja reklamowa Pozna\u0144"},"image":{"@id":"https:\/\/www.yos-studio.com\/en\/#\/schema\/logo\/image\/"},"sameAs":["https:\/\/www.facebook.com\/YOS.studio","https:\/\/www.instagram.com\/yos.studio\/?hl=pl","https:\/\/www.linkedin.com\/in\/karolpawelek\/?originalSubdomain=pl"]}]}},"grid":"{\r\n  \"colCount\": 12,\r\n  \"colGutter\": 1,\r\n  \"rowGutters\": [],\r\n  \"frameMargin\": 6,\r\n  \"topFrameMargin\": 5,\r\n  \"bottomFrameMargin\": 0,\r\n  \"rowAttrs\": [\r\n    {\r\n      \"bgimage3\": {\r\n        \"attid\": 7948,\r\n        \"url\": \"\/wp-content\/uploads\/2024\/08\/cwiartkaniebieski.svg\",\r\n        \"sizes\": {}\r\n      },\r\n      \"row100vh\": false,\r\n      \"relid\": 1\r\n    }\r\n  ],\r\n  \"bgColor\": \"#ffffff\",\r\n  \"cont\": [\r\n    {\r\n      \"type\": \"text\",\r\n      \"cont\": \"<p class=\\\"_Menu\\\" style=\\\"text-align: left;\\\"><span style=\\\"font-family: ApercuPro-Regular_0; color: #000000;\\\"><strong><span style=\\\"font-size: 30px;\\\">START HERE\u2192<br \/><\/span><\/strong><\/span><\/p><p class=\\\"_tekstowy\\\" style=\\\"text-align: left; line-height: 1;\\\"><span style=\\\"font-size: 16px;\\\"><span style=\\\"font-family: ApercuPro-Regular_0; color: #000000;\\\">The Brief is an essential element for defining project expectations. <\/span><\/span><\/p><p class=\\\"_tekstowy\\\" style=\\\"text-align: left; line-height: 1;\\\"><span style=\\\"font-size: 16px;\\\"><span style=\\\"font-family: ApercuPro-Regular_0; color: #000000;\\\">It helps identify goals, objectives, as well as define a preliminary action plan.<\/span><\/span><\/p><p class=\\\"_tekstowy\\\" style=\\\"text-align: left; line-height: 1;\\\"><span style=\\\"font-size: 16px;\\\"><span style=\\\"font-family: ApercuPro-Regular_0;\\\">It will take no more than 10 minutes to complete.<\/span><\/span><\/p><p class=\\\"_tekstowy\\\" style=\\\"text-align: left; line-height: 1;\\\"><span style=\\\"font-family: ApercuPro-Regular_0; font-size: 16px;\\\">Why it's worth it?<\/span><\/p><ul><li><span style=\\\"font-family: ApercuPro-Regular_0; font-size: 16px;\\\">You will save your time<\/span><\/li><li><span style=\\\"font-family: ApercuPro-Regular_0; font-size: 16px;\\\">You will receive a preliminary quote<\/span><\/li><li><span style=\\\"font-family: ApercuPro-Regular_0; font-size: 16px; letter-spacing: 0em; text-indent: 0em;\\\">You will speed up the implementation process<\/span><\/li><\/ul><p>\u00a0<\/p><p class=\\\"_tekstowy\\\"><span style=\\\"letter-spacing: 0em; text-indent: 0em; font-size: 16px; font-family: ApercuPro-Regular_0;\\\">Tell us about your brand and we will take care of the rest!<\/span><\/p><p>\u00a0<\/p><p class=\\\"_Text\\\"><span style=\\\"font-family: ApercuPro-Regular_0; color: #000000; font-size: 16px;\\\">Office<\/span><\/p><p class=\\\"_Text\\\" style=\\\"text-align: left;\\\"><span style=\\\"font-family: ApercuPro-Regular_0; color: #000000; font-size: 16px;\\\">G\u0142ogowska 77\/7<\/span><\/p><p class=\\\"_Text\\\" style=\\\"text-align: left;\\\"><span style=\\\"font-family: ApercuPro-Regular_0; color: #000000; font-size: 16px;\\\">60-739 Pozna\u0144<\/span><\/p><p><span style=\\\"font-family: ApercuPro-Regular_0; font-size: 16px; color: #000000;\\\">\u00a0 \u00a0 \u00a0 \u00a0 \u00a0 \u00a0 \u00a0 \u00a0 \u00a0 \u00a0 \u00a0 \u00a0 \u00a0 \u00a0 \u00a0 \u00a0 \u00a0 \u00a0 \u00a0 \u00a0 \u00a0 \u00a0 \u00a0 \u00a0 \u00a0 \u00a0<\/span><\/p><p class=\\\"_Text\\\" style=\\\"text-align: left;\\\"><span style=\\\"font-family: ApercuPro-Regular_0; color: #000000; font-size: 16px;\\\"><a href=\\\"tel:0048512715114\\\">+48 512 715 114 \u00a0\u00a0<\/a> \u00a0 \u00a0 \u00a0 \u00a0 \u00a0 \u00a0<\/span><\/p><p class=\\\"_Text\\\" style=\\\"text-align: left;\\\"><span style=\\\"font-size: 16px;\\\"><a href=\\\"mailto:biuro@yos-studio.com\\\"><span style=\\\"font-family: ApercuPro-Regular_0; color: #000000;\\\">biuro@yos-studio.com<\/span><\/a><\/span><\/p><p>\u00a0<\/p><p><span style=\\\"font-family: ApercuPro-Regular_0; color: #000000; font-size: 16px;\\\">Career<\/span><br \/><span style=\\\"font-family: ApercuPro-Regular_0; color: #000000; font-size: 16px;\\\">kariera@yos-studio.com<\/span><\/p>\",\r\n      \"align\": \"top\",\r\n      \"row\": 0,\r\n      \"col\": 1,\r\n      \"colspan\": 5,\r\n      \"offsetx\": 0,\r\n      \"offsety\": 0,\r\n      \"spaceabove\": 6,\r\n      \"spacebelow\": 0,\r\n      \"yvel\": 1,\r\n      \"push\": 1,\r\n      \"relid\": 24,\r\n      \"absolute_position\": false,\r\n      \"frameOverflow\": \"\"\r\n    },\r\n    {\r\n      \"type\": \"shortcode\",\r\n      \"cont\": \"[forminator_form id=\\\"7313\\\"]\",\r\n      \"align\": \"top\",\r\n      \"row\": 0,\r\n      \"col\": 7,\r\n      \"colspan\": 4,\r\n      \"offsetx\": 0,\r\n      \"offsety\": 0,\r\n      \"spaceabove\": 3,\r\n      \"spacebelow\": 0,\r\n      \"yvel\": 1.1,\r\n      \"push\": 1,\r\n      \"relid\": 23,\r\n      \"shortcodeid\": 1706272814140,\r\n      \"absolute_position\": false\r\n    }\r\n  ]\r\n}","phonegrid":"{\r\n  \"colCount\": 12,\r\n  \"colGutter\": 1,\r\n  \"rowGutters\": [\r\n    \"5\"\r\n  ],\r\n  \"frameMargin\": \"5\",\r\n  \"topFrameMargin\": \"20\",\r\n  \"bottomFrameMargin\": \"10\",\r\n  \"rowAttrs\": [\r\n    {\r\n      \"relid\": 2,\r\n      \"bgimage\": {\r\n        \"attid\": 7948,\r\n        \"url\": \"\/wp-content\/uploads\/2024\/08\/cwiartkaniebieski.svg\",\r\n        \"sizes\": {}\r\n      }\r\n    },\r\n    {\r\n      \"relid\": 3\r\n    }\r\n  ],\r\n  \"bgColor\": null,\r\n  \"cont\": [\r\n    {\r\n      \"type\": \"text\",\r\n      \"cont\": \"<p class=\\\"_Menu\\\" style=\\\"text-align: left;\\\"><span style=\\\"font-family: ApercuPro-Regular_0; color: #000000;\\\"><strong><span style=\\\"font-size: 30px;\\\">START HERE\u2192<br \/><\/span><\/strong><\/span><\/p><p class=\\\"_tekstowy\\\" style=\\\"text-align: left; line-height: 1;\\\"><span style=\\\"font-size: 16px;\\\"><span style=\\\"font-family: ApercuPro-Regular_0; color: #000000;\\\">The Brief is an essential element for defining project expectations. <\/span><\/span><\/p><p class=\\\"_tekstowy\\\" style=\\\"text-align: left; line-height: 1;\\\"><span style=\\\"font-size: 16px;\\\"><span style=\\\"font-family: ApercuPro-Regular_0; color: #000000;\\\">It helps identify goals, objectives, as well as define a preliminary action plan.<\/span><\/span><\/p><p class=\\\"_tekstowy\\\" style=\\\"text-align: left; line-height: 1;\\\"><span style=\\\"font-size: 16px;\\\"><span style=\\\"font-family: ApercuPro-Regular_0;\\\">It will take no more than 10 minutes to complete.<\/span><\/span><\/p><p class=\\\"_tekstowy\\\" style=\\\"text-align: left; line-height: 1;\\\"><span style=\\\"font-family: ApercuPro-Regular_0; font-size: 16px;\\\">Why it's worth it?<\/span><\/p><ul><li><span style=\\\"font-family: ApercuPro-Regular_0; font-size: 16px;\\\">You will save your time<\/span><\/li><li><span style=\\\"font-family: ApercuPro-Regular_0; font-size: 16px;\\\">You will receive a preliminary quote<\/span><\/li><li><span style=\\\"font-family: ApercuPro-Regular_0; font-size: 16px; letter-spacing: 0em; text-indent: 0em;\\\">You will speed up the implementation process<\/span><\/li><\/ul><p>\u00a0<\/p><p class=\\\"_tekstowy\\\"><span style=\\\"letter-spacing: 0em; text-indent: 0em; font-size: 16px; font-family: ApercuPro-Regular_0;\\\">Tell us about your brand and we will take care of the rest!<\/span><\/p><p>\u00a0<\/p><p class=\\\"_Text\\\"><span style=\\\"font-family: ApercuPro-Regular_0; color: #000000; font-size: 16px;\\\">Office<\/span><\/p><p class=\\\"_Text\\\" style=\\\"text-align: left;\\\"><span style=\\\"font-family: ApercuPro-Regular_0; color: #000000; font-size: 16px;\\\">G\u0142ogowska 77\/7<\/span><\/p><p class=\\\"_Text\\\" style=\\\"text-align: left;\\\"><span style=\\\"font-family: ApercuPro-Regular_0; color: #000000; font-size: 16px;\\\">60-739 Pozna\u0144<\/span><\/p><p><span style=\\\"font-family: ApercuPro-Regular_0; font-size: 16px; color: #000000;\\\">\u00a0 \u00a0 \u00a0 \u00a0 \u00a0 \u00a0 \u00a0 \u00a0 \u00a0 \u00a0 \u00a0 \u00a0 \u00a0 \u00a0 \u00a0 \u00a0 \u00a0 \u00a0 \u00a0 \u00a0 \u00a0 \u00a0 \u00a0 \u00a0 \u00a0 \u00a0<\/span><\/p><p class=\\\"_Text\\\" style=\\\"text-align: left;\\\"><span style=\\\"font-family: ApercuPro-Regular_0; color: #000000; font-size: 16px;\\\"><a href=\\\"tel:0048512715114\\\">+48 512 715 114 \u00a0\u00a0<\/a> \u00a0 \u00a0 \u00a0 \u00a0 \u00a0 \u00a0<\/span><\/p><p class=\\\"_Text\\\" style=\\\"text-align: left;\\\"><span style=\\\"font-size: 16px;\\\"><a href=\\\"mailto:biuro@yos-studio.com\\\"><span style=\\\"font-family: ApercuPro-Regular_0; color: #000000;\\\">biuro@yos-studio.com<\/span><\/a><\/span><\/p><p>\u00a0<\/p><p><span style=\\\"font-family: ApercuPro-Regular_0; color: #000000; font-size: 16px;\\\">Career<\/span><br \/><span style=\\\"font-family: ApercuPro-Regular_0; color: #000000; font-size: 16px;\\\">kariera@yos-studio.com<\/span><\/p>\",\r\n      \"align\": \"top\",\r\n      \"row\": 0,\r\n      \"col\": 0,\r\n      \"colspan\": 12,\r\n      \"offsetx\": 0,\r\n      \"offsety\": 0,\r\n      \"spaceabove\": 0,\r\n      \"spacebelow\": 0,\r\n      \"yvel\": 1,\r\n      \"push\": 0,\r\n      \"relid\": 24,\r\n      \"frameOverflow\": \"\",\r\n      \"absolute_position\": true\r\n    },\r\n    {\r\n      \"type\": \"shortcode\",\r\n      \"cont\": \"[forminator_form id=\\\"7313\\\"]\",\r\n      \"align\": \"middle\",\r\n      \"row\": 1,\r\n      \"col\": 0,\r\n      \"colspan\": 12,\r\n      \"offsetx\": 0,\r\n      \"offsety\": 0,\r\n      \"spaceabove\": \"3\",\r\n      \"spacebelow\": 0,\r\n      \"yvel\": 1,\r\n      \"push\": 0,\r\n      \"relid\": 23,\r\n      \"shortcodeid\": 1706272814140,\r\n      \"absolute_position\": false,\r\n      \"frameOverflow\": \"\"\r\n    }\r\n  ]\r\n}","_links":{"self":[{"href":"https:\/\/www.yos-studio.com\/en\/wp-json\/wp\/v2\/pages\/7314"}],"collection":[{"href":"https:\/\/www.yos-studio.com\/en\/wp-json\/wp\/v2\/pages"}],"about":[{"href":"https:\/\/www.yos-studio.com\/en\/wp-json\/wp\/v2\/types\/page"}],"author":[{"embeddable":true,"href":"https:\/\/www.yos-studio.com\/en\/wp-json\/wp\/v2\/users\/1"}],"replies":[{"embeddable":true,"href":"https:\/\/www.yos-studio.com\/en\/wp-json\/wp\/v2\/comments?post=7314"}],"version-history":[{"count":0,"href":"https:\/\/www.yos-studio.com\/en\/wp-json\/wp\/v2\/pages\/7314\/revisions"}],"wp:attachment":[{"href":"https:\/\/www.yos-studio.com\/en\/wp-json\/wp\/v2\/media?parent=7314"}],"curies":[{"name":"wp","href":"https:\/\/api.w.org\/{rel}","templated":true}]}}