{"id":3391,"date":"2021-06-16T14:30:39","date_gmt":"2021-06-16T13:30:39","guid":{"rendered":"https:\/\/www.yos-studio.com\/sklep\/"},"modified":"2024-04-09T19:12:51","modified_gmt":"2024-04-09T18:12:51","slug":"store","status":"publish","type":"page","link":"https:\/\/www.yos-studio.com\/en\/store\/","title":{"rendered":"Sklep"},"content":{"rendered":"","protected":false},"excerpt":{"rendered":"","protected":false},"author":1,"featured_media":0,"parent":0,"menu_order":38,"comment_status":"closed","ping_status":"closed","template":"","meta":{"footnotes":""},"yoast_head":"<!-- This site is optimized with the Yoast SEO plugin v23.5 - https:\/\/yoast.com\/wordpress\/plugins\/seo\/ -->\n<title>Sklep - YOS Studio graficzne Pozna\u0144 - Agencja graficzna<\/title>\n<meta name=\"robots\" content=\"index, follow, max-snippet:-1, max-image-preview:large, max-video-preview:-1\" \/>\n<link rel=\"canonical\" href=\"https:\/\/www.yos-studio.com\/en\/store\/\" \/>\n<meta property=\"og:locale\" content=\"en_US\" \/>\n<meta property=\"og:type\" content=\"article\" \/>\n<meta property=\"og:title\" content=\"Sklep - YOS Studio graficzne Pozna\u0144 - Agencja graficzna\" \/>\n<meta property=\"og:url\" content=\"https:\/\/www.yos-studio.com\/en\/store\/\" \/>\n<meta property=\"og:site_name\" content=\"YOS Studio graficzne Pozna\u0144 - Agencja graficzna\" \/>\n<meta property=\"article:publisher\" content=\"https:\/\/www.facebook.com\/YOS.studio\" \/>\n<meta property=\"article:modified_time\" content=\"2024-04-09T18:12:51+00:00\" \/>\n<meta property=\"og:image\" content=\"https:\/\/www.yos-studio.com\/wp-content\/uploads\/2020\/10\/yos-okladka-strony-02.png\" \/>\n\t<meta property=\"og:image:width\" content=\"651\" \/>\n\t<meta property=\"og:image:height\" content=\"343\" \/>\n\t<meta property=\"og:image:type\" content=\"image\/png\" \/>\n<meta name=\"twitter:card\" content=\"summary_large_image\" \/>\n<meta name=\"twitter:label1\" content=\"Est. reading time\" \/>\n\t<meta name=\"twitter:data1\" content=\"1 minute\" \/>\n<script type=\"application\/ld+json\" class=\"yoast-schema-graph\">{\"@context\":\"https:\/\/schema.org\",\"@graph\":[{\"@type\":\"WebPage\",\"@id\":\"https:\/\/www.yos-studio.com\/en\/store\/\",\"url\":\"https:\/\/www.yos-studio.com\/en\/store\/\",\"name\":\"Sklep - YOS Studio graficzne Pozna\u0144 - Agencja graficzna\",\"isPartOf\":{\"@id\":\"https:\/\/www.yos-studio.com\/en\/#website\"},\"datePublished\":\"2021-06-16T13:30:39+00:00\",\"dateModified\":\"2024-04-09T18:12:51+00:00\",\"breadcrumb\":{\"@id\":\"https:\/\/www.yos-studio.com\/en\/store\/#breadcrumb\"},\"inLanguage\":\"en-US\",\"potentialAction\":[{\"@type\":\"ReadAction\",\"target\":[[\"https:\/\/www.yos-studio.com\/en\/store\/\"]]}]},{\"@type\":\"BreadcrumbList\",\"@id\":\"https:\/\/www.yos-studio.com\/en\/store\/#breadcrumb\",\"itemListElement\":[{\"@type\":\"ListItem\",\"position\":1,\"name\":\"Home\",\"item\":\"https:\/\/www.yos-studio.com\/en\/\"},{\"@type\":\"ListItem\",\"position\":2,\"name\":\"Sklep\"}]},{\"@type\":\"WebSite\",\"@id\":\"https:\/\/www.yos-studio.com\/en\/#website\",\"url\":\"https:\/\/www.yos-studio.com\/en\/\",\"name\":\"YOS Studio graficzne Pozna\u0144 - Agencja graficzna\",\"description\":\"YOS to studio graficzne i agencja graficzna z Poznania. Wyposa\u017camy firmy w systemy identyfikacji wizualnej. Kreujemy rozpoznawalne, mocne marki dla nowych firm, korporacji, produkt\u00f3w, instytucji i wydarze\u0144 kulturalnych.\",\"publisher\":{\"@id\":\"https:\/\/www.yos-studio.com\/en\/#organization\"},\"potentialAction\":[{\"@type\":\"SearchAction\",\"target\":{\"@type\":\"EntryPoint\",\"urlTemplate\":\"https:\/\/www.yos-studio.com\/en\/?s={search_term_string}\"},\"query-input\":{\"@type\":\"PropertyValueSpecification\",\"valueRequired\":true,\"valueName\":\"search_term_string\"}}],\"inLanguage\":\"en-US\"},{\"@type\":\"Organization\",\"@id\":\"https:\/\/www.yos-studio.com\/en\/#organization\",\"name\":\"YOS - Studio graficzne \/ Agencja reklamowa Pozna\u0144\",\"alternateName\":\"Studio graficzne Poznan\",\"url\":\"https:\/\/www.yos-studio.com\/en\/\",\"logo\":{\"@type\":\"ImageObject\",\"inLanguage\":\"en-US\",\"@id\":\"https:\/\/www.yos-studio.com\/en\/#\/schema\/logo\/image\/\",\"url\":\"https:\/\/www.yos-studio.com\/wp-content\/uploads\/2022\/03\/yos-studio-graficzne-poznan-projekt-logo.png\",\"contentUrl\":\"https:\/\/www.yos-studio.com\/wp-content\/uploads\/2022\/03\/yos-studio-graficzne-poznan-projekt-logo.png\",\"width\":501,\"height\":501,\"caption\":\"YOS - Studio graficzne \/ Agencja reklamowa Pozna\u0144\"},\"image\":{\"@id\":\"https:\/\/www.yos-studio.com\/en\/#\/schema\/logo\/image\/\"},\"sameAs\":[\"https:\/\/www.facebook.com\/YOS.studio\",\"https:\/\/www.instagram.com\/yos.studio\/?hl=pl\",\"https:\/\/www.linkedin.com\/in\/karolpawelek\/?originalSubdomain=pl\"]}]}<\/script>\n<!-- \/ Yoast SEO plugin. -->","yoast_head_json":{"title":"Sklep - YOS Studio graficzne Pozna\u0144 - Agencja graficzna","robots":{"index":"index","follow":"follow","max-snippet":"max-snippet:-1","max-image-preview":"max-image-preview:large","max-video-preview":"max-video-preview:-1"},"canonical":"https:\/\/www.yos-studio.com\/en\/store\/","og_locale":"en_US","og_type":"article","og_title":"Sklep - YOS Studio graficzne Pozna\u0144 - Agencja graficzna","og_url":"https:\/\/www.yos-studio.com\/en\/store\/","og_site_name":"YOS Studio graficzne Pozna\u0144 - Agencja graficzna","article_publisher":"https:\/\/www.facebook.com\/YOS.studio","article_modified_time":"2024-04-09T18:12:51+00:00","og_image":[{"width":651,"height":343,"url":"https:\/\/www.yos-studio.com\/wp-content\/uploads\/2020\/10\/yos-okladka-strony-02.png","type":"image\/png"}],"twitter_card":"summary_large_image","twitter_misc":{"Est. reading time":"1 minute"},"schema":{"@context":"https:\/\/schema.org","@graph":[{"@type":"WebPage","@id":"https:\/\/www.yos-studio.com\/en\/store\/","url":"https:\/\/www.yos-studio.com\/en\/store\/","name":"Sklep - YOS Studio graficzne Pozna\u0144 - Agencja graficzna","isPartOf":{"@id":"https:\/\/www.yos-studio.com\/en\/#website"},"datePublished":"2021-06-16T13:30:39+00:00","dateModified":"2024-04-09T18:12:51+00:00","breadcrumb":{"@id":"https:\/\/www.yos-studio.com\/en\/store\/#breadcrumb"},"inLanguage":"en-US","potentialAction":[{"@type":"ReadAction","target":[["https:\/\/www.yos-studio.com\/en\/store\/"]]}]},{"@type":"BreadcrumbList","@id":"https:\/\/www.yos-studio.com\/en\/store\/#breadcrumb","itemListElement":[{"@type":"ListItem","position":1,"name":"Home","item":"https:\/\/www.yos-studio.com\/en\/"},{"@type":"ListItem","position":2,"name":"Sklep"}]},{"@type":"WebSite","@id":"https:\/\/www.yos-studio.com\/en\/#website","url":"https:\/\/www.yos-studio.com\/en\/","name":"YOS Studio graficzne Pozna\u0144 - Agencja graficzna","description":"YOS to studio graficzne i agencja graficzna z Poznania. Wyposa\u017camy firmy w systemy identyfikacji wizualnej. Kreujemy rozpoznawalne, mocne marki dla nowych firm, korporacji, produkt\u00f3w, instytucji i wydarze\u0144 kulturalnych.","publisher":{"@id":"https:\/\/www.yos-studio.com\/en\/#organization"},"potentialAction":[{"@type":"SearchAction","target":{"@type":"EntryPoint","urlTemplate":"https:\/\/www.yos-studio.com\/en\/?s={search_term_string}"},"query-input":{"@type":"PropertyValueSpecification","valueRequired":true,"valueName":"search_term_string"}}],"inLanguage":"en-US"},{"@type":"Organization","@id":"https:\/\/www.yos-studio.com\/en\/#organization","name":"YOS - Studio graficzne \/ Agencja reklamowa Pozna\u0144","alternateName":"Studio graficzne Poznan","url":"https:\/\/www.yos-studio.com\/en\/","logo":{"@type":"ImageObject","inLanguage":"en-US","@id":"https:\/\/www.yos-studio.com\/en\/#\/schema\/logo\/image\/","url":"https:\/\/www.yos-studio.com\/wp-content\/uploads\/2022\/03\/yos-studio-graficzne-poznan-projekt-logo.png","contentUrl":"https:\/\/www.yos-studio.com\/wp-content\/uploads\/2022\/03\/yos-studio-graficzne-poznan-projekt-logo.png","width":501,"height":501,"caption":"YOS - Studio graficzne \/ Agencja reklamowa Pozna\u0144"},"image":{"@id":"https:\/\/www.yos-studio.com\/en\/#\/schema\/logo\/image\/"},"sameAs":["https:\/\/www.facebook.com\/YOS.studio","https:\/\/www.instagram.com\/yos.studio\/?hl=pl","https:\/\/www.linkedin.com\/in\/karolpawelek\/?originalSubdomain=pl"]}]}},"grid":"{\r\n  \"colCount\": 12,\r\n  \"colGutter\": 1,\r\n  \"rowGutters\": [],\r\n  \"frameMargin\": 8,\r\n  \"topFrameMargin\": 10,\r\n  \"bottomFrameMargin\": 5,\r\n  \"rowAttrs\": [\r\n    {\r\n      \"row100vh\": true,\r\n      \"relid\": 1\r\n    }\r\n  ],\r\n  \"bgColor\": null,\r\n  \"cont\": [\r\n    {\r\n      \"type\": \"productsgrid\",\r\n      \"cont\": \"\",\r\n      \"align\": \"top\",\r\n      \"row\": 0,\r\n      \"col\": 0,\r\n      \"colspan\": 12,\r\n      \"offsetx\": 0,\r\n      \"offsety\": 0,\r\n      \"spaceabove\": 0,\r\n      \"spacebelow\": 0,\r\n      \"yvel\": 1,\r\n      \"push\": 0,\r\n      \"relid\": 23,\r\n      \"config\": {\r\n        \"limit\": -1,\r\n        \"paginate\": false,\r\n        \"orderby\": \"popularity\",\r\n        \"skus\": \"\",\r\n        \"category\": \"\",\r\n        \"tag\": \"\",\r\n        \"order\": \"ASC\",\r\n        \"on_sale\": false,\r\n        \"best_selling\": false,\r\n        \"top_rated\": false,\r\n        \"desktop\": {\r\n          \"colCount\": 3,\r\n          \"colGutter\": 5,\r\n          \"rowGutter\": 5\r\n        },\r\n        \"tablet\": {\r\n          \"colCount\": 3,\r\n          \"colGutter\": 3,\r\n          \"rowGutter\": 5\r\n        },\r\n        \"phone\": {\r\n          \"colCount\": 2,\r\n          \"colGutter\": 4,\r\n          \"rowGutter\": 8\r\n        },\r\n        \"layoutType\": \"masonry\",\r\n        \"id\": \"c_kpzjomrp_t9jd9qlumdxiw6obdkhp6\"\r\n      },\r\n      \"frameOverflow\": \"\"\r\n    }\r\n  ]\r\n}","phonegrid":"","_links":{"self":[{"href":"https:\/\/www.yos-studio.com\/en\/wp-json\/wp\/v2\/pages\/3391"}],"collection":[{"href":"https:\/\/www.yos-studio.com\/en\/wp-json\/wp\/v2\/pages"}],"about":[{"href":"https:\/\/www.yos-studio.com\/en\/wp-json\/wp\/v2\/types\/page"}],"author":[{"embeddable":true,"href":"https:\/\/www.yos-studio.com\/en\/wp-json\/wp\/v2\/users\/1"}],"replies":[{"embeddable":true,"href":"https:\/\/www.yos-studio.com\/en\/wp-json\/wp\/v2\/comments?post=3391"}],"version-history":[{"count":0,"href":"https:\/\/www.yos-studio.com\/en\/wp-json\/wp\/v2\/pages\/3391\/revisions"}],"wp:attachment":[{"href":"https:\/\/www.yos-studio.com\/en\/wp-json\/wp\/v2\/media?parent=3391"}],"curies":[{"name":"wp","href":"https:\/\/api.w.org\/{rel}","templated":true}]}}