{"id":3249,"date":"2021-04-26T14:32:44","date_gmt":"2018-12-03T18:34:30","guid":{"rendered":"https:\/\/www.yos-studio.com\/footer-2\/"},"modified":"2024-09-20T11:43:06","modified_gmt":"2024-09-20T10:43:06","slug":"footer-2","status":"publish","type":"page","link":"https:\/\/www.yos-studio.com\/en\/footer-2\/","title":{"rendered":"Footer Home"},"content":{"rendered":"","protected":false},"excerpt":{"rendered":"","protected":false},"author":1,"featured_media":0,"parent":0,"menu_order":47,"comment_status":"closed","ping_status":"closed","template":"","meta":{"footnotes":""},"yoast_head":"<!-- This site is optimized with the Yoast SEO plugin v23.5 - https:\/\/yoast.com\/wordpress\/plugins\/seo\/ -->\n<title>Footer Home - YOS Studio graficzne Pozna\u0144 - Agencja graficzna<\/title>\n<meta name=\"robots\" content=\"index, follow, max-snippet:-1, max-image-preview:large, max-video-preview:-1\" \/>\n<link rel=\"canonical\" href=\"https:\/\/www.yos-studio.com\/en\/footer-2\/\" \/>\n<meta property=\"og:locale\" content=\"en_US\" \/>\n<meta property=\"og:type\" content=\"article\" \/>\n<meta property=\"og:title\" content=\"Footer Home - YOS Studio graficzne Pozna\u0144 - Agencja graficzna\" \/>\n<meta property=\"og:url\" content=\"https:\/\/www.yos-studio.com\/en\/footer-2\/\" \/>\n<meta property=\"og:site_name\" content=\"YOS Studio graficzne Pozna\u0144 - Agencja graficzna\" \/>\n<meta property=\"article:publisher\" content=\"https:\/\/www.facebook.com\/YOS.studio\" \/>\n<meta property=\"article:modified_time\" content=\"2024-09-20T10:43:06+00:00\" \/>\n<meta property=\"og:image\" content=\"https:\/\/www.yos-studio.com\/wp-content\/uploads\/2020\/10\/yos-okladka-strony-02.png\" \/>\n\t<meta property=\"og:image:width\" content=\"651\" \/>\n\t<meta property=\"og:image:height\" content=\"343\" \/>\n\t<meta property=\"og:image:type\" content=\"image\/png\" \/>\n<meta name=\"twitter:card\" content=\"summary_large_image\" \/>\n<meta name=\"twitter:label1\" content=\"Est. reading time\" \/>\n\t<meta name=\"twitter:data1\" content=\"2 minutes\" \/>\n<script type=\"application\/ld+json\" class=\"yoast-schema-graph\">{\"@context\":\"https:\/\/schema.org\",\"@graph\":[{\"@type\":\"WebPage\",\"@id\":\"https:\/\/www.yos-studio.com\/en\/footer-2\/\",\"url\":\"https:\/\/www.yos-studio.com\/en\/footer-2\/\",\"name\":\"Footer Home - YOS Studio graficzne Pozna\u0144 - Agencja graficzna\",\"isPartOf\":{\"@id\":\"https:\/\/www.yos-studio.com\/en\/#website\"},\"datePublished\":\"2018-12-03T18:34:30+00:00\",\"dateModified\":\"2024-09-20T10:43:06+00:00\",\"breadcrumb\":{\"@id\":\"https:\/\/www.yos-studio.com\/en\/footer-2\/#breadcrumb\"},\"inLanguage\":\"en-US\",\"potentialAction\":[{\"@type\":\"ReadAction\",\"target\":[[\"https:\/\/www.yos-studio.com\/en\/footer-2\/\"]]}]},{\"@type\":\"BreadcrumbList\",\"@id\":\"https:\/\/www.yos-studio.com\/en\/footer-2\/#breadcrumb\",\"itemListElement\":[{\"@type\":\"ListItem\",\"position\":1,\"name\":\"Home\",\"item\":\"https:\/\/www.yos-studio.com\/en\/\"},{\"@type\":\"ListItem\",\"position\":2,\"name\":\"Footer Home\"}]},{\"@type\":\"WebSite\",\"@id\":\"https:\/\/www.yos-studio.com\/en\/#website\",\"url\":\"https:\/\/www.yos-studio.com\/en\/\",\"name\":\"YOS Studio graficzne Pozna\u0144 - Agencja graficzna\",\"description\":\"YOS to studio graficzne i agencja graficzna z Poznania. Wyposa\u017camy firmy w systemy identyfikacji wizualnej. Kreujemy rozpoznawalne, mocne marki dla nowych firm, korporacji, produkt\u00f3w, instytucji i wydarze\u0144 kulturalnych.\",\"publisher\":{\"@id\":\"https:\/\/www.yos-studio.com\/en\/#organization\"},\"potentialAction\":[{\"@type\":\"SearchAction\",\"target\":{\"@type\":\"EntryPoint\",\"urlTemplate\":\"https:\/\/www.yos-studio.com\/en\/?s={search_term_string}\"},\"query-input\":{\"@type\":\"PropertyValueSpecification\",\"valueRequired\":true,\"valueName\":\"search_term_string\"}}],\"inLanguage\":\"en-US\"},{\"@type\":\"Organization\",\"@id\":\"https:\/\/www.yos-studio.com\/en\/#organization\",\"name\":\"YOS - Studio graficzne \/ Agencja reklamowa Pozna\u0144\",\"alternateName\":\"Studio graficzne Poznan\",\"url\":\"https:\/\/www.yos-studio.com\/en\/\",\"logo\":{\"@type\":\"ImageObject\",\"inLanguage\":\"en-US\",\"@id\":\"https:\/\/www.yos-studio.com\/en\/#\/schema\/logo\/image\/\",\"url\":\"https:\/\/www.yos-studio.com\/wp-content\/uploads\/2022\/03\/yos-studio-graficzne-poznan-projekt-logo.png\",\"contentUrl\":\"https:\/\/www.yos-studio.com\/wp-content\/uploads\/2022\/03\/yos-studio-graficzne-poznan-projekt-logo.png\",\"width\":501,\"height\":501,\"caption\":\"YOS - Studio graficzne \/ Agencja reklamowa Pozna\u0144\"},\"image\":{\"@id\":\"https:\/\/www.yos-studio.com\/en\/#\/schema\/logo\/image\/\"},\"sameAs\":[\"https:\/\/www.facebook.com\/YOS.studio\",\"https:\/\/www.instagram.com\/yos.studio\/?hl=pl\",\"https:\/\/www.linkedin.com\/in\/karolpawelek\/?originalSubdomain=pl\"]}]}<\/script>\n<!-- \/ Yoast SEO plugin. -->","yoast_head_json":{"title":"Footer Home - YOS Studio graficzne Pozna\u0144 - Agencja graficzna","robots":{"index":"index","follow":"follow","max-snippet":"max-snippet:-1","max-image-preview":"max-image-preview:large","max-video-preview":"max-video-preview:-1"},"canonical":"https:\/\/www.yos-studio.com\/en\/footer-2\/","og_locale":"en_US","og_type":"article","og_title":"Footer Home - YOS Studio graficzne Pozna\u0144 - Agencja graficzna","og_url":"https:\/\/www.yos-studio.com\/en\/footer-2\/","og_site_name":"YOS Studio graficzne Pozna\u0144 - Agencja graficzna","article_publisher":"https:\/\/www.facebook.com\/YOS.studio","article_modified_time":"2024-09-20T10:43:06+00:00","og_image":[{"width":651,"height":343,"url":"https:\/\/www.yos-studio.com\/wp-content\/uploads\/2020\/10\/yos-okladka-strony-02.png","type":"image\/png"}],"twitter_card":"summary_large_image","twitter_misc":{"Est. reading time":"2 minutes"},"schema":{"@context":"https:\/\/schema.org","@graph":[{"@type":"WebPage","@id":"https:\/\/www.yos-studio.com\/en\/footer-2\/","url":"https:\/\/www.yos-studio.com\/en\/footer-2\/","name":"Footer Home - YOS Studio graficzne Pozna\u0144 - Agencja graficzna","isPartOf":{"@id":"https:\/\/www.yos-studio.com\/en\/#website"},"datePublished":"2018-12-03T18:34:30+00:00","dateModified":"2024-09-20T10:43:06+00:00","breadcrumb":{"@id":"https:\/\/www.yos-studio.com\/en\/footer-2\/#breadcrumb"},"inLanguage":"en-US","potentialAction":[{"@type":"ReadAction","target":[["https:\/\/www.yos-studio.com\/en\/footer-2\/"]]}]},{"@type":"BreadcrumbList","@id":"https:\/\/www.yos-studio.com\/en\/footer-2\/#breadcrumb","itemListElement":[{"@type":"ListItem","position":1,"name":"Home","item":"https:\/\/www.yos-studio.com\/en\/"},{"@type":"ListItem","position":2,"name":"Footer Home"}]},{"@type":"WebSite","@id":"https:\/\/www.yos-studio.com\/en\/#website","url":"https:\/\/www.yos-studio.com\/en\/","name":"YOS Studio graficzne Pozna\u0144 - Agencja graficzna","description":"YOS to studio graficzne i agencja graficzna z Poznania. Wyposa\u017camy firmy w systemy identyfikacji wizualnej. Kreujemy rozpoznawalne, mocne marki dla nowych firm, korporacji, produkt\u00f3w, instytucji i wydarze\u0144 kulturalnych.","publisher":{"@id":"https:\/\/www.yos-studio.com\/en\/#organization"},"potentialAction":[{"@type":"SearchAction","target":{"@type":"EntryPoint","urlTemplate":"https:\/\/www.yos-studio.com\/en\/?s={search_term_string}"},"query-input":{"@type":"PropertyValueSpecification","valueRequired":true,"valueName":"search_term_string"}}],"inLanguage":"en-US"},{"@type":"Organization","@id":"https:\/\/www.yos-studio.com\/en\/#organization","name":"YOS - Studio graficzne \/ Agencja reklamowa Pozna\u0144","alternateName":"Studio graficzne Poznan","url":"https:\/\/www.yos-studio.com\/en\/","logo":{"@type":"ImageObject","inLanguage":"en-US","@id":"https:\/\/www.yos-studio.com\/en\/#\/schema\/logo\/image\/","url":"https:\/\/www.yos-studio.com\/wp-content\/uploads\/2022\/03\/yos-studio-graficzne-poznan-projekt-logo.png","contentUrl":"https:\/\/www.yos-studio.com\/wp-content\/uploads\/2022\/03\/yos-studio-graficzne-poznan-projekt-logo.png","width":501,"height":501,"caption":"YOS - Studio graficzne \/ Agencja reklamowa Pozna\u0144"},"image":{"@id":"https:\/\/www.yos-studio.com\/en\/#\/schema\/logo\/image\/"},"sameAs":["https:\/\/www.facebook.com\/YOS.studio","https:\/\/www.instagram.com\/yos.studio\/?hl=pl","https:\/\/www.linkedin.com\/in\/karolpawelek\/?originalSubdomain=pl"]}]}},"grid":"{\r\n  \"colCount\": 22,\r\n  \"colGutter\": 1.5,\r\n  \"rowGutters\": [\r\n    0\r\n  ],\r\n  \"frameMargin\": 0,\r\n  \"topFrameMargin\": \"128\",\r\n  \"bottomFrameMargin\": 3,\r\n  \"rowAttrs\": [\r\n    {\r\n      \"relid\": 25\r\n    },\r\n    {\r\n      \"bgcolor\": \"#f7f7f7\",\r\n      \"relid\": 26\r\n    }\r\n  ],\r\n  \"bgColor\": \"#f7f7f7\",\r\n  \"cont\": [\r\n    {\r\n      \"type\": \"text\",\r\n      \"cont\": \"<p><span style=\\\"font-family: ApercuPro-Light_0; font-size: 21px;\\\">Contact us:<\/span><\/p>\",\r\n      \"align\": \"top\",\r\n      \"row\": 0,\r\n      \"col\": 2,\r\n      \"colspan\": 4,\r\n      \"offsetx\": 0,\r\n      \"offsety\": 0,\r\n      \"spaceabove\": 0,\r\n      \"spacebelow\": 0,\r\n      \"yvel\": 1,\r\n      \"push\": 2,\r\n      \"relid\": 6,\r\n      \"dosync\": false,\r\n      \"html_id\": \"animation\",\r\n      \"absolute_position\": false\r\n    },\r\n    {\r\n      \"type\": \"text\",\r\n      \"cont\": \"<p style=\\\"line-height: 1.4;\\\"><span style=\\\"font-family: ApercuPro-Light_0; font-size: 21px;\\\">biuro@yos-studio.com<\/span><\/p><p style=\\\"line-height: 1.4;\\\"><span style=\\\"font-family: ApercuPro-Light_0; font-size: 21px;\\\">+48 512 715 114<\/span><\/p>\",\r\n      \"align\": \"top\",\r\n      \"row\": 0,\r\n      \"col\": 7,\r\n      \"colspan\": 6,\r\n      \"offsetx\": 0,\r\n      \"offsety\": 0,\r\n      \"spaceabove\": 0,\r\n      \"spacebelow\": 0,\r\n      \"yvel\": 1,\r\n      \"push\": 1,\r\n      \"relid\": 7,\r\n      \"dosync\": false,\r\n      \"absolute_position\": false\r\n    },\r\n    {\r\n      \"type\": \"text\",\r\n      \"cont\": \"<p><span style=\\\"font-size: 21px; font-family: ApercuPro-Light_0;\\\">Follow us:<\/span><\/p>\",\r\n      \"align\": \"top\",\r\n      \"row\": 0,\r\n      \"col\": 14,\r\n      \"colspan\": 3,\r\n      \"offsetx\": -1.4,\r\n      \"offsety\": 0,\r\n      \"spaceabove\": 0,\r\n      \"spacebelow\": 0,\r\n      \"yvel\": 1,\r\n      \"push\": 1,\r\n      \"relid\": 5,\r\n      \"dosync\": false,\r\n      \"classes\": \"no-animation\",\r\n      \"absolute_position\": false\r\n    },\r\n    {\r\n      \"type\": \"img\",\r\n      \"cont\": \"\/wp-content\/uploads\/2021\/08\/yos-behance.svg\",\r\n      \"align\": \"top\",\r\n      \"row\": 0,\r\n      \"col\": 17,\r\n      \"colspan\": 1,\r\n      \"offsetx\": -1.5,\r\n      \"offsety\": -0.5,\r\n      \"spaceabove\": 0,\r\n      \"spacebelow\": 0,\r\n      \"yvel\": 1,\r\n      \"push\": 0,\r\n      \"relid\": 552,\r\n      \"attid\": 3617,\r\n      \"sizes\": {\r\n        \"full\": \"\/wp-content\/uploads\/2021\/08\/yos-behance.svg\"\r\n      },\r\n      \"ar\": 1,\r\n      \"alt\": \"\",\r\n      \"imagelink\": {\r\n        \"url\": \"https:\/\/www.behance.net\/yosstudio\",\r\n        \"id\": 0,\r\n        \"type\": \"\",\r\n        \"newtab\": true,\r\n        \"title\": \"\",\r\n        \"hoverimageid\": null,\r\n        \"hoverimagesmallsrc\": \"\"\r\n      },\r\n      \"dosync\": false,\r\n      \"classes\": \"powiekszanie-svg scaled09\",\r\n      \"w\": 55.83,\r\n      \"h\": 55.83,\r\n      \"frameOverflow\": \"\",\r\n      \"absolute_position\": false\r\n    },\r\n    {\r\n      \"type\": \"img\",\r\n      \"cont\": \"\/wp-content\/uploads\/2021\/08\/yos-facebook.svg\",\r\n      \"align\": \"top\",\r\n      \"row\": 0,\r\n      \"col\": 18,\r\n      \"colspan\": 1,\r\n      \"offsetx\": -2.5,\r\n      \"offsety\": -0.5,\r\n      \"spaceabove\": 0,\r\n      \"spacebelow\": 0,\r\n      \"yvel\": 1,\r\n      \"push\": 0,\r\n      \"relid\": 553,\r\n      \"attid\": 3618,\r\n      \"sizes\": {\r\n        \"full\": \"\/wp-content\/uploads\/2021\/08\/yos-facebook.svg\"\r\n      },\r\n      \"ar\": 1,\r\n      \"alt\": \"\",\r\n      \"imagelink\": {\r\n        \"url\": \"https:\/\/www.facebook.com\/YOS.studio\/\",\r\n        \"id\": 0,\r\n        \"type\": \"\",\r\n        \"newtab\": true,\r\n        \"title\": \"\",\r\n        \"hoverimageid\": null,\r\n        \"hoverimagesmallsrc\": \"\"\r\n      },\r\n      \"dosync\": false,\r\n      \"classes\": \"powiekszanie-svg scaled09\",\r\n      \"w\": 55.83,\r\n      \"h\": 55.83,\r\n      \"absolute_position\": false\r\n    },\r\n    {\r\n      \"type\": \"img\",\r\n      \"cont\": \"\/wp-content\/uploads\/2021\/08\/linkedin-yos.svg\",\r\n      \"align\": \"top\",\r\n      \"row\": 0,\r\n      \"col\": 19,\r\n      \"colspan\": 1,\r\n      \"offsetx\": -3.5,\r\n      \"offsety\": -0.5,\r\n      \"spaceabove\": 0,\r\n      \"spacebelow\": 0,\r\n      \"yvel\": 1,\r\n      \"push\": 0,\r\n      \"relid\": 1092,\r\n      \"attid\": 3620,\r\n      \"sizes\": {\r\n        \"full\": \"\/wp-content\/uploads\/2021\/08\/linkedin-yos.svg\"\r\n      },\r\n      \"w\": 55.83,\r\n      \"h\": 55.83,\r\n      \"ar\": 1,\r\n      \"alt\": \"\",\r\n      \"frameOverflow\": \"\",\r\n      \"imagelink\": {\r\n        \"url\": \"https:\/\/www.linkedin.com\/company\/yos-studio\",\r\n        \"id\": 0,\r\n        \"type\": \"\",\r\n        \"newtab\": true,\r\n        \"title\": \"\",\r\n        \"hoverimageid\": null,\r\n        \"hoverimagesmallsrc\": \"\"\r\n      },\r\n      \"classes\": \"powiekszanie-svg scaled09\",\r\n      \"absolute_position\": false\r\n    },\r\n    {\r\n      \"type\": \"img\",\r\n      \"cont\": \"\/wp-content\/uploads\/2021\/08\/yos-instagram.svg\",\r\n      \"align\": \"top\",\r\n      \"row\": 0,\r\n      \"col\": 20,\r\n      \"colspan\": 1,\r\n      \"offsetx\": -4.5,\r\n      \"offsety\": -0.5,\r\n      \"spaceabove\": 0,\r\n      \"spacebelow\": 0,\r\n      \"yvel\": 1,\r\n      \"push\": 0,\r\n      \"relid\": 551,\r\n      \"attid\": 3619,\r\n      \"sizes\": {\r\n        \"full\": \"\/wp-content\/uploads\/2021\/08\/yos-instagram.svg\"\r\n      },\r\n      \"ar\": 1,\r\n      \"alt\": \"\",\r\n      \"imagelink\": {\r\n        \"url\": \"https:\/\/www.instagram.com\/yos.studio\/\",\r\n        \"id\": 0,\r\n        \"type\": \"\",\r\n        \"newtab\": true,\r\n        \"title\": \"\",\r\n        \"hoverimageid\": null,\r\n        \"hoverimagesmallsrc\": \"\"\r\n      },\r\n      \"dosync\": false,\r\n      \"classes\": \"powiekszanie-svg scaled09\",\r\n      \"w\": 55.83,\r\n      \"h\": 55.83,\r\n      \"frameOverflow\": \"\",\r\n      \"absolute_position\": false\r\n    },\r\n    {\r\n      \"type\": \"img\",\r\n      \"cont\": \"\/wp-content\/uploads\/2022\/12\/logo-yos-svg-studio-graficzne-poznan.svg\",\r\n      \"align\": \"bottom\",\r\n      \"row\": 1,\r\n      \"col\": 2,\r\n      \"colspan\": 1,\r\n      \"offsetx\": 0,\r\n      \"offsety\": -0.4,\r\n      \"spaceabove\": 0,\r\n      \"spacebelow\": 0,\r\n      \"yvel\": 1,\r\n      \"push\": 2,\r\n      \"relid\": 539,\r\n      \"attid\": 6102,\r\n      \"sizes\": {\r\n        \"full\": \"\/wp-content\/uploads\/2022\/12\/logo-yos-svg-studio-graficzne-poznan.svg\"\r\n      },\r\n      \"ar\": 1,\r\n      \"alt\": \"\",\r\n      \"dosync\": false,\r\n      \"classes\": \"rotating scaled05\",\r\n      \"w\": 70.87,\r\n      \"h\": 70.87,\r\n      \"absolute_position\": false,\r\n      \"imagelink\": {\r\n        \"url\": \"\/contact\/\",\r\n        \"id\": 0,\r\n        \"type\": \"\",\r\n        \"newtab\": false,\r\n        \"title\": \"\",\r\n        \"hoverimageid\": null,\r\n        \"hoverimagesmallsrc\": \"\"\r\n      }\r\n    },\r\n    {\r\n      \"type\": \"text\",\r\n      \"cont\": \"<p class=\\\"_Default\\\" style=\\\"line-height: 1.5;\\\">\u00a0<\/p><p style=\\\"line-height: 1.5;\\\">\u00a0<\/p><p style=\\\"line-height: 1.5;\\\"><span style=\\\"font-family: ApercuPro-Light_0; font-size: 21px;\\\">G\u0142ogowska 77\/7<\/span><\/p><p style=\\\"line-height: 1.4;\\\"><span style=\\\"font-family: ApercuPro-Light_0; font-size: 21px;\\\">Pozna\u0144 60-739<\/span><\/p>\",\r\n      \"align\": \"top\",\r\n      \"row\": 1,\r\n      \"col\": 7,\r\n      \"colspan\": 6,\r\n      \"offsetx\": 0,\r\n      \"offsety\": 0,\r\n      \"spaceabove\": 0,\r\n      \"spacebelow\": 0,\r\n      \"yvel\": 1,\r\n      \"push\": 4,\r\n      \"relid\": 4,\r\n      \"dosync\": false,\r\n      \"absolute_position\": false\r\n    }\r\n  ],\r\n  \"mus\": {\r\n    \"topFrameMu\": \"px\"\r\n  }\r\n}","phonegrid":"{\r\n  \"colCount\": 12,\r\n  \"colGutter\": 1,\r\n  \"rowGutters\": [\r\n    \"15\",\r\n    \"15\",\r\n    \"15\"\r\n  ],\r\n  \"frameMargin\": 0,\r\n  \"topFrameMargin\": \"25\",\r\n  \"bottomFrameMargin\": 0,\r\n  \"rowAttrs\": [\r\n    {\r\n      \"relid\": 27\r\n    },\r\n    {\r\n      \"relid\": 28\r\n    },\r\n    {\r\n      \"relid\": 29\r\n    },\r\n    {\r\n      \"relid\": 30\r\n    }\r\n  ],\r\n  \"bgColor\": \"#eaeaea\",\r\n  \"cont\": [\r\n    {\r\n      \"type\": \"text\",\r\n      \"cont\": \"<p style=\\\"text-align: center;\\\"><span style=\\\"font-family: NAMU-Pro; font-size: 34px;\\\">Contact us:<\/span><\/p>\",\r\n      \"align\": \"middle\",\r\n      \"row\": 0,\r\n      \"col\": 1,\r\n      \"colspan\": 10,\r\n      \"offsetx\": 0,\r\n      \"offsety\": 0,\r\n      \"spaceabove\": 0,\r\n      \"spacebelow\": 0,\r\n      \"yvel\": 1,\r\n      \"push\": 1,\r\n      \"relid\": 6,\r\n      \"dosync\": false\r\n    },\r\n    {\r\n      \"type\": \"text\",\r\n      \"cont\": \"<p style=\\\"line-height: 1.1; text-align: center;\\\"><a href=\\\"mailto:biuro.yos@gmail.com\\\"><span style=\\\"font-family: ApercuPro-Light_0; font-size: 20px;\\\">biuro@yos-studio.com<\/span><\/a><\/p><p style=\\\"line-height: 1.1; text-align: center;\\\"><a href=\\\"tel:+48512715114\\\"><span style=\\\"font-family: ApercuPro-Light_0; font-size: 20px;\\\">+48 512 715 114<\/span><\/a><\/p>\",\r\n      \"align\": \"top\",\r\n      \"row\": 1,\r\n      \"col\": 1,\r\n      \"colspan\": 10,\r\n      \"offsetx\": 0,\r\n      \"offsety\": 0,\r\n      \"spaceabove\": 0,\r\n      \"spacebelow\": 0,\r\n      \"yvel\": 1,\r\n      \"push\": 1,\r\n      \"relid\": 24,\r\n      \"frameOverflow\": \"\"\r\n    },\r\n    {\r\n      \"type\": \"text\",\r\n      \"cont\": \"<p style=\\\"line-height: 1.1; text-align: center;\\\"><span style=\\\"font-family: ApercuPro-Light_0; font-size: 20px;\\\">G\u0142ogowska 77\/7<\/span><\/p><p style=\\\"line-height: 1.1; text-align: center;\\\"><span style=\\\"font-family: ApercuPro-Light_0; font-size: 20px;\\\">Pozna\u0144 60-739<\/span><\/p>\",\r\n      \"align\": \"top\",\r\n      \"row\": 2,\r\n      \"col\": 1,\r\n      \"colspan\": 10,\r\n      \"offsetx\": 0,\r\n      \"offsety\": 0,\r\n      \"spaceabove\": 0,\r\n      \"spacebelow\": 0,\r\n      \"yvel\": 1,\r\n      \"push\": 1,\r\n      \"relid\": 23,\r\n      \"frameOverflow\": \"\"\r\n    },\r\n    {\r\n      \"type\": \"img\",\r\n      \"cont\": \"\/wp-content\/uploads\/2021\/08\/yos-behance.svg\",\r\n      \"align\": \"top\",\r\n      \"row\": 3,\r\n      \"col\": 1,\r\n      \"colspan\": 2,\r\n      \"offsetx\": 0,\r\n      \"offsety\": 0,\r\n      \"spaceabove\": 0,\r\n      \"spacebelow\": 5,\r\n      \"yvel\": 1,\r\n      \"push\": 1,\r\n      \"relid\": 552,\r\n      \"attid\": 3617,\r\n      \"sizes\": {\r\n        \"full\": \"\/wp-content\/uploads\/2021\/08\/yos-behance.svg\"\r\n      },\r\n      \"ar\": 1,\r\n      \"alt\": \"\",\r\n      \"imagelink\": {\r\n        \"url\": \"https:\/\/www.behance.net\/yosstudio\",\r\n        \"id\": null,\r\n        \"type\": \"\",\r\n        \"newtab\": true,\r\n        \"title\": \"\",\r\n        \"hoverimageid\": null,\r\n        \"hoverimagesmallsrc\": \"\"\r\n      },\r\n      \"dosync\": false,\r\n      \"w\": 55.83,\r\n      \"h\": 55.83,\r\n      \"classes\": \"scaled075\"\r\n    },\r\n    {\r\n      \"type\": \"img\",\r\n      \"cont\": \"\/wp-content\/uploads\/2021\/08\/yos-facebook.svg\",\r\n      \"align\": \"top\",\r\n      \"row\": 3,\r\n      \"col\": 4,\r\n      \"colspan\": 2,\r\n      \"offsetx\": -2.5,\r\n      \"offsety\": 0,\r\n      \"spaceabove\": 0,\r\n      \"spacebelow\": 5,\r\n      \"yvel\": 1,\r\n      \"push\": 1,\r\n      \"relid\": 553,\r\n      \"attid\": 3618,\r\n      \"sizes\": {\r\n        \"full\": \"\/wp-content\/uploads\/2021\/08\/yos-facebook.svg\"\r\n      },\r\n      \"ar\": 1,\r\n      \"alt\": \"\",\r\n      \"imagelink\": {\r\n        \"url\": \"https:\/\/www.facebook.com\/YOS.studio\/\",\r\n        \"id\": null,\r\n        \"type\": \"\",\r\n        \"newtab\": true,\r\n        \"title\": \"\",\r\n        \"hoverimageid\": null,\r\n        \"hoverimagesmallsrc\": \"\"\r\n      },\r\n      \"dosync\": false,\r\n      \"w\": 55.83,\r\n      \"h\": 55.83,\r\n      \"classes\": \"scaled075\"\r\n    },\r\n    {\r\n      \"type\": \"img\",\r\n      \"cont\": \"\/wp-content\/uploads\/2021\/08\/linkedin-yos.svg\",\r\n      \"align\": \"top\",\r\n      \"row\": 3,\r\n      \"col\": 6,\r\n      \"colspan\": 2,\r\n      \"offsetx\": 2.5,\r\n      \"offsety\": 0,\r\n      \"spaceabove\": 0,\r\n      \"spacebelow\": 5,\r\n      \"yvel\": 1,\r\n      \"push\": 0,\r\n      \"relid\": 866,\r\n      \"attid\": 3620,\r\n      \"sizes\": {\r\n        \"full\": \"\/wp-content\/uploads\/2021\/08\/linkedin-yos.svg\"\r\n      },\r\n      \"w\": 55.83,\r\n      \"h\": 55.83,\r\n      \"ar\": 1,\r\n      \"alt\": \"\",\r\n      \"frameOverflow\": \"\",\r\n      \"imagelink\": {\r\n        \"url\": \"https:\/\/www.linkedin.com\/company\/yos-studio\",\r\n        \"id\": null,\r\n        \"type\": \"\",\r\n        \"newtab\": true,\r\n        \"title\": \"\",\r\n        \"hoverimageid\": null,\r\n        \"hoverimagesmallsrc\": \"\"\r\n      },\r\n      \"classes\": \"scaled075\"\r\n    },\r\n    {\r\n      \"type\": \"img\",\r\n      \"cont\": \"\/wp-content\/uploads\/2021\/08\/yos-instagram.svg\",\r\n      \"align\": \"top\",\r\n      \"row\": 3,\r\n      \"col\": 9,\r\n      \"colspan\": 2,\r\n      \"offsetx\": 0,\r\n      \"offsety\": 0,\r\n      \"spaceabove\": 0,\r\n      \"spacebelow\": 5,\r\n      \"yvel\": 1,\r\n      \"push\": 1,\r\n      \"relid\": 551,\r\n      \"attid\": 3619,\r\n      \"sizes\": {\r\n        \"full\": \"\/wp-content\/uploads\/2021\/08\/yos-instagram.svg\"\r\n      },\r\n      \"ar\": 1,\r\n      \"alt\": \"\",\r\n      \"imagelink\": {\r\n        \"url\": \"https:\/\/www.instagram.com\/yos.studio\/\",\r\n        \"id\": null,\r\n        \"type\": \"\",\r\n        \"newtab\": true,\r\n        \"title\": \"\",\r\n        \"hoverimageid\": null,\r\n        \"hoverimagesmallsrc\": \"\"\r\n      },\r\n      \"dosync\": false,\r\n      \"w\": 55.83,\r\n      \"h\": 55.83,\r\n      \"classes\": \"scaled075\"\r\n    }\r\n  ]\r\n}","_links":{"self":[{"href":"https:\/\/www.yos-studio.com\/en\/wp-json\/wp\/v2\/pages\/3249"}],"collection":[{"href":"https:\/\/www.yos-studio.com\/en\/wp-json\/wp\/v2\/pages"}],"about":[{"href":"https:\/\/www.yos-studio.com\/en\/wp-json\/wp\/v2\/types\/page"}],"author":[{"embeddable":true,"href":"https:\/\/www.yos-studio.com\/en\/wp-json\/wp\/v2\/users\/1"}],"replies":[{"embeddable":true,"href":"https:\/\/www.yos-studio.com\/en\/wp-json\/wp\/v2\/comments?post=3249"}],"version-history":[{"count":0,"href":"https:\/\/www.yos-studio.com\/en\/wp-json\/wp\/v2\/pages\/3249\/revisions"}],"wp:attachment":[{"href":"https:\/\/www.yos-studio.com\/en\/wp-json\/wp\/v2\/media?parent=3249"}],"curies":[{"name":"wp","href":"https:\/\/api.w.org\/{rel}","templated":true}]}}