{"id":3197,"date":"2021-03-30T12:57:02","date_gmt":"2021-03-30T11:57:02","guid":{"rendered":"https:\/\/www.yos-studio.com\/?page_id=3197"},"modified":"2024-03-22T11:37:33","modified_gmt":"2024-03-22T10:37:33","slug":"projects","status":"publish","type":"page","link":"https:\/\/www.yos-studio.com\/en\/projects\/","title":{"rendered":"PROJECTS"},"content":{"rendered":"","protected":false},"excerpt":{"rendered":"","protected":false},"author":1,"featured_media":0,"parent":0,"menu_order":52,"comment_status":"closed","ping_status":"closed","template":"","meta":{"footnotes":""},"yoast_head":"<!-- This site is optimized with the Yoast SEO plugin v23.5 - https:\/\/yoast.com\/wordpress\/plugins\/seo\/ -->\n<title>PROJECTS - YOS Studio graficzne Pozna\u0144 - Agencja graficzna<\/title>\n<meta name=\"description\" content=\"Zobacz nasze projekty wykonane dla klient\u00f3w biznesowych oraz kulturalnych. Poznaj logo, plakaty, grafiki oraz stworzone strategie komunikacji\" \/>\n<meta name=\"robots\" content=\"index, follow, max-snippet:-1, max-image-preview:large, max-video-preview:-1\" \/>\n<link rel=\"canonical\" href=\"https:\/\/www.yos-studio.com\/en\/projects\/\" \/>\n<meta property=\"og:locale\" content=\"en_US\" \/>\n<meta property=\"og:type\" content=\"article\" \/>\n<meta property=\"og:title\" content=\"PROJECTS - YOS Studio graficzne Pozna\u0144 - Agencja graficzna\" \/>\n<meta property=\"og:description\" content=\"Zobacz nasze projekty wykonane dla klient\u00f3w biznesowych oraz kulturalnych. Poznaj logo, plakaty, grafiki oraz stworzone strategie komunikacji\" \/>\n<meta property=\"og:url\" content=\"https:\/\/www.yos-studio.com\/en\/projects\/\" \/>\n<meta property=\"og:site_name\" content=\"YOS Studio graficzne Pozna\u0144 - Agencja graficzna\" \/>\n<meta property=\"article:publisher\" content=\"https:\/\/www.facebook.com\/YOS.studio\" \/>\n<meta property=\"article:modified_time\" content=\"2024-03-22T10:37:33+00:00\" \/>\n<meta property=\"og:image\" content=\"https:\/\/www.yos-studio.com\/wp-content\/uploads\/2020\/10\/yos-okladka-strony-02.png\" \/>\n\t<meta property=\"og:image:width\" content=\"651\" \/>\n\t<meta property=\"og:image:height\" content=\"343\" \/>\n\t<meta property=\"og:image:type\" content=\"image\/png\" \/>\n<meta name=\"twitter:card\" content=\"summary_large_image\" \/>\n<meta name=\"twitter:label1\" content=\"Est. reading time\" \/>\n\t<meta name=\"twitter:data1\" content=\"32 minutes\" \/>\n<script type=\"application\/ld+json\" class=\"yoast-schema-graph\">{\"@context\":\"https:\/\/schema.org\",\"@graph\":[{\"@type\":\"WebPage\",\"@id\":\"https:\/\/www.yos-studio.com\/en\/projects\/\",\"url\":\"https:\/\/www.yos-studio.com\/en\/projects\/\",\"name\":\"PROJECTS - YOS Studio graficzne Pozna\u0144 - Agencja graficzna\",\"isPartOf\":{\"@id\":\"https:\/\/www.yos-studio.com\/en\/#website\"},\"datePublished\":\"2021-03-30T11:57:02+00:00\",\"dateModified\":\"2024-03-22T10:37:33+00:00\",\"description\":\"Zobacz nasze projekty wykonane dla klient\u00f3w biznesowych oraz kulturalnych. Poznaj logo, plakaty, grafiki oraz stworzone strategie komunikacji\",\"breadcrumb\":{\"@id\":\"https:\/\/www.yos-studio.com\/en\/projects\/#breadcrumb\"},\"inLanguage\":\"en-US\",\"potentialAction\":[{\"@type\":\"ReadAction\",\"target\":[[\"https:\/\/www.yos-studio.com\/en\/projects\/\"]]}]},{\"@type\":\"BreadcrumbList\",\"@id\":\"https:\/\/www.yos-studio.com\/en\/projects\/#breadcrumb\",\"itemListElement\":[{\"@type\":\"ListItem\",\"position\":1,\"name\":\"Home\",\"item\":\"https:\/\/www.yos-studio.com\/en\/\"},{\"@type\":\"ListItem\",\"position\":2,\"name\":\"PROJEKTY\"}]},{\"@type\":\"WebSite\",\"@id\":\"https:\/\/www.yos-studio.com\/en\/#website\",\"url\":\"https:\/\/www.yos-studio.com\/en\/\",\"name\":\"YOS Studio graficzne Pozna\u0144 - Agencja graficzna\",\"description\":\"YOS to studio graficzne i agencja graficzna z Poznania. Wyposa\u017camy firmy w systemy identyfikacji wizualnej. Kreujemy rozpoznawalne, mocne marki dla nowych firm, korporacji, produkt\u00f3w, instytucji i wydarze\u0144 kulturalnych.\",\"publisher\":{\"@id\":\"https:\/\/www.yos-studio.com\/en\/#organization\"},\"potentialAction\":[{\"@type\":\"SearchAction\",\"target\":{\"@type\":\"EntryPoint\",\"urlTemplate\":\"https:\/\/www.yos-studio.com\/en\/?s={search_term_string}\"},\"query-input\":{\"@type\":\"PropertyValueSpecification\",\"valueRequired\":true,\"valueName\":\"search_term_string\"}}],\"inLanguage\":\"en-US\"},{\"@type\":\"Organization\",\"@id\":\"https:\/\/www.yos-studio.com\/en\/#organization\",\"name\":\"YOS - Studio graficzne \/ Agencja reklamowa Pozna\u0144\",\"alternateName\":\"Studio graficzne Poznan\",\"url\":\"https:\/\/www.yos-studio.com\/en\/\",\"logo\":{\"@type\":\"ImageObject\",\"inLanguage\":\"en-US\",\"@id\":\"https:\/\/www.yos-studio.com\/en\/#\/schema\/logo\/image\/\",\"url\":\"https:\/\/www.yos-studio.com\/wp-content\/uploads\/2022\/03\/yos-studio-graficzne-poznan-projekt-logo.png\",\"contentUrl\":\"https:\/\/www.yos-studio.com\/wp-content\/uploads\/2022\/03\/yos-studio-graficzne-poznan-projekt-logo.png\",\"width\":501,\"height\":501,\"caption\":\"YOS - Studio graficzne \/ Agencja reklamowa Pozna\u0144\"},\"image\":{\"@id\":\"https:\/\/www.yos-studio.com\/en\/#\/schema\/logo\/image\/\"},\"sameAs\":[\"https:\/\/www.facebook.com\/YOS.studio\",\"https:\/\/www.instagram.com\/yos.studio\/?hl=pl\",\"https:\/\/www.linkedin.com\/in\/karolpawelek\/?originalSubdomain=pl\"]}]}<\/script>\n<!-- \/ Yoast SEO plugin. -->","yoast_head_json":{"title":"PROJECTS - YOS Studio graficzne Pozna\u0144 - Agencja graficzna","description":"Zobacz nasze projekty wykonane dla klient\u00f3w biznesowych oraz kulturalnych. Poznaj logo, plakaty, grafiki oraz stworzone strategie komunikacji","robots":{"index":"index","follow":"follow","max-snippet":"max-snippet:-1","max-image-preview":"max-image-preview:large","max-video-preview":"max-video-preview:-1"},"canonical":"https:\/\/www.yos-studio.com\/en\/projects\/","og_locale":"en_US","og_type":"article","og_title":"PROJECTS - YOS Studio graficzne Pozna\u0144 - Agencja graficzna","og_description":"Zobacz nasze projekty wykonane dla klient\u00f3w biznesowych oraz kulturalnych. Poznaj logo, plakaty, grafiki oraz stworzone strategie komunikacji","og_url":"https:\/\/www.yos-studio.com\/en\/projects\/","og_site_name":"YOS Studio graficzne Pozna\u0144 - Agencja graficzna","article_publisher":"https:\/\/www.facebook.com\/YOS.studio","article_modified_time":"2024-03-22T10:37:33+00:00","og_image":[{"width":651,"height":343,"url":"https:\/\/www.yos-studio.com\/wp-content\/uploads\/2020\/10\/yos-okladka-strony-02.png","type":"image\/png"}],"twitter_card":"summary_large_image","twitter_misc":{"Est. reading time":"32 minutes"},"schema":{"@context":"https:\/\/schema.org","@graph":[{"@type":"WebPage","@id":"https:\/\/www.yos-studio.com\/en\/projects\/","url":"https:\/\/www.yos-studio.com\/en\/projects\/","name":"PROJECTS - YOS Studio graficzne Pozna\u0144 - Agencja graficzna","isPartOf":{"@id":"https:\/\/www.yos-studio.com\/en\/#website"},"datePublished":"2021-03-30T11:57:02+00:00","dateModified":"2024-03-22T10:37:33+00:00","description":"Zobacz nasze projekty wykonane dla klient\u00f3w biznesowych oraz kulturalnych. Poznaj logo, plakaty, grafiki oraz stworzone strategie komunikacji","breadcrumb":{"@id":"https:\/\/www.yos-studio.com\/en\/projects\/#breadcrumb"},"inLanguage":"en-US","potentialAction":[{"@type":"ReadAction","target":[["https:\/\/www.yos-studio.com\/en\/projects\/"]]}]},{"@type":"BreadcrumbList","@id":"https:\/\/www.yos-studio.com\/en\/projects\/#breadcrumb","itemListElement":[{"@type":"ListItem","position":1,"name":"Home","item":"https:\/\/www.yos-studio.com\/en\/"},{"@type":"ListItem","position":2,"name":"PROJEKTY"}]},{"@type":"WebSite","@id":"https:\/\/www.yos-studio.com\/en\/#website","url":"https:\/\/www.yos-studio.com\/en\/","name":"YOS Studio graficzne Pozna\u0144 - Agencja graficzna","description":"YOS to studio graficzne i agencja graficzna z Poznania. Wyposa\u017camy firmy w systemy identyfikacji wizualnej. Kreujemy rozpoznawalne, mocne marki dla nowych firm, korporacji, produkt\u00f3w, instytucji i wydarze\u0144 kulturalnych.","publisher":{"@id":"https:\/\/www.yos-studio.com\/en\/#organization"},"potentialAction":[{"@type":"SearchAction","target":{"@type":"EntryPoint","urlTemplate":"https:\/\/www.yos-studio.com\/en\/?s={search_term_string}"},"query-input":{"@type":"PropertyValueSpecification","valueRequired":true,"valueName":"search_term_string"}}],"inLanguage":"en-US"},{"@type":"Organization","@id":"https:\/\/www.yos-studio.com\/en\/#organization","name":"YOS - Studio graficzne \/ Agencja reklamowa Pozna\u0144","alternateName":"Studio graficzne Poznan","url":"https:\/\/www.yos-studio.com\/en\/","logo":{"@type":"ImageObject","inLanguage":"en-US","@id":"https:\/\/www.yos-studio.com\/en\/#\/schema\/logo\/image\/","url":"https:\/\/www.yos-studio.com\/wp-content\/uploads\/2022\/03\/yos-studio-graficzne-poznan-projekt-logo.png","contentUrl":"https:\/\/www.yos-studio.com\/wp-content\/uploads\/2022\/03\/yos-studio-graficzne-poznan-projekt-logo.png","width":501,"height":501,"caption":"YOS - Studio graficzne \/ Agencja reklamowa Pozna\u0144"},"image":{"@id":"https:\/\/www.yos-studio.com\/en\/#\/schema\/logo\/image\/"},"sameAs":["https:\/\/www.facebook.com\/YOS.studio","https:\/\/www.instagram.com\/yos.studio\/?hl=pl","https:\/\/www.linkedin.com\/in\/karolpawelek\/?originalSubdomain=pl"]}]}},"grid":"{\r\n  \"colCount\": 24,\r\n  \"colGutter\": 3,\r\n  \"rowGutters\": [],\r\n  \"frameMargin\": 9,\r\n  \"topFrameMargin\": 5,\r\n  \"bottomFrameMargin\": 0,\r\n  \"rowAttrs\": [\r\n    {\r\n      \"relid\": 1\r\n    }\r\n  ],\r\n  \"bgColor\": \"#ffffff\",\r\n  \"cont\": [\r\n    {\r\n      \"type\": \"thumbnailgrid\",\r\n      \"cont\": \"\",\r\n      \"align\": \"middle\",\r\n      \"row\": 0,\r\n      \"col\": 0,\r\n      \"colspan\": 24,\r\n      \"offsetx\": 0,\r\n      \"offsety\": 0,\r\n      \"spaceabove\": 0,\r\n      \"spacebelow\": 0,\r\n      \"yvel\": 1,\r\n      \"push\": 0,\r\n      \"relid\": 23,\r\n      \"config\": {\r\n        \"desktop\": {\r\n          \"colCount\": 2,\r\n          \"colGutter\": 5,\r\n          \"rowGutter\": 4\r\n        },\r\n        \"tablet\": {\r\n          \"colCount\": 2,\r\n          \"colGutter\": 5,\r\n          \"rowGutter\": 3\r\n        },\r\n        \"phone\": {\r\n          \"colCount\": 1,\r\n          \"colGutter\": 0,\r\n          \"rowGutter\": 4\r\n        },\r\n        \"layoutType\": \"top-aligned\",\r\n        \"cat_id\": 5,\r\n        \"showfilter\": false,\r\n        \"sortedFilters\": [\r\n          {\r\n            \"term_id\": 5,\r\n            \"name\": \"Projects\",\r\n            \"visible\": true\r\n          },\r\n          {\r\n            \"term_id\": 29,\r\n            \"name\": \"NIE GOTOWA\",\r\n            \"visible\": true\r\n          }\r\n        ]\r\n      },\r\n      \"frameOverflow\": \"\"\r\n    }\r\n  ]\r\n}","phonegrid":"{\r\n  \"colCount\": 12,\r\n  \"colGutter\": 1,\r\n  \"rowGutters\": [],\r\n  \"frameMargin\": 0,\r\n  \"topFrameMargin\": 15,\r\n  \"bottomFrameMargin\": 8,\r\n  \"rowAttrs\": [\r\n    {\r\n      \"relid\": 2\r\n    }\r\n  ],\r\n  \"bgColor\": null,\r\n  \"cont\": [\r\n    {\r\n      \"type\": \"thumbnailgrid\",\r\n      \"cont\": \"\",\r\n      \"align\": \"bottom\",\r\n      \"row\": 0,\r\n      \"col\": 0,\r\n      \"colspan\": 12,\r\n      \"offsetx\": 0,\r\n      \"offsety\": 0,\r\n      \"spaceabove\": 0,\r\n      \"spacebelow\": 0,\r\n      \"yvel\": 1,\r\n      \"push\": 0,\r\n      \"relid\": 23,\r\n      \"config\": {\r\n        \"desktop\": {\r\n          \"colCount\": 2,\r\n          \"colGutter\": 5,\r\n          \"rowGutter\": 4\r\n        },\r\n        \"tablet\": {\r\n          \"colCount\": 2,\r\n          \"colGutter\": 5,\r\n          \"rowGutter\": 3\r\n        },\r\n        \"phone\": {\r\n          \"colCount\": 1,\r\n          \"colGutter\": 0,\r\n          \"rowGutter\": 4\r\n        },\r\n        \"layoutType\": \"top-aligned\",\r\n        \"cat_id\": 5,\r\n        \"showfilter\": false,\r\n        \"sortedFilters\": [\r\n          {\r\n            \"term_id\": 5,\r\n            \"name\": \"Projects\",\r\n            \"visible\": true\r\n          },\r\n          {\r\n            \"term_id\": 29,\r\n            \"name\": \"NIE GOTOWA\",\r\n            \"visible\": true\r\n          }\r\n        ]\r\n      },\r\n      \"frameOverflow\": \"\"\r\n    }\r\n  ]\r\n}","_links":{"self":[{"href":"https:\/\/www.yos-studio.com\/en\/wp-json\/wp\/v2\/pages\/3197"}],"collection":[{"href":"https:\/\/www.yos-studio.com\/en\/wp-json\/wp\/v2\/pages"}],"about":[{"href":"https:\/\/www.yos-studio.com\/en\/wp-json\/wp\/v2\/types\/page"}],"author":[{"embeddable":true,"href":"https:\/\/www.yos-studio.com\/en\/wp-json\/wp\/v2\/users\/1"}],"replies":[{"embeddable":true,"href":"https:\/\/www.yos-studio.com\/en\/wp-json\/wp\/v2\/comments?post=3197"}],"version-history":[{"count":0,"href":"https:\/\/www.yos-studio.com\/en\/wp-json\/wp\/v2\/pages\/3197\/revisions"}],"wp:attachment":[{"href":"https:\/\/www.yos-studio.com\/en\/wp-json\/wp\/v2\/media?parent=3197"}],"curies":[{"name":"wp","href":"https:\/\/api.w.org\/{rel}","templated":true}]}}