{"id":1094,"date":"2019-11-29T13:51:19","date_gmt":"2019-11-29T12:51:19","guid":{"rendered":"https:\/\/www.yos-studio.com\/?page_id=1094"},"modified":"2021-10-18T14:04:17","modified_gmt":"2021-10-18T13:04:17","slug":"polityka-prywatnosci","status":"publish","type":"page","link":"https:\/\/www.yos-studio.com\/en\/polityka-prywatnosci\/","title":{"rendered":"Polityka prywatno\u015bci i RODO"},"content":{"rendered":"","protected":false},"excerpt":{"rendered":"","protected":false},"author":1,"featured_media":0,"parent":0,"menu_order":54,"comment_status":"closed","ping_status":"closed","template":"","meta":{"footnotes":""},"yoast_head":"<!-- This site is optimized with the Yoast SEO plugin v23.5 - https:\/\/yoast.com\/wordpress\/plugins\/seo\/ -->\n<title>Polityka prywatno\u015bci i RODO - YOS Studio graficzne Pozna\u0144 - Agencja graficzna<\/title>\n<meta name=\"robots\" content=\"index, follow, max-snippet:-1, max-image-preview:large, max-video-preview:-1\" \/>\n<link rel=\"canonical\" href=\"https:\/\/www.yos-studio.com\/en\/polityka-prywatnosci\/\" \/>\n<meta property=\"og:locale\" content=\"en_US\" \/>\n<meta property=\"og:type\" content=\"article\" \/>\n<meta property=\"og:title\" content=\"Polityka prywatno\u015bci i RODO - YOS Studio graficzne Pozna\u0144 - Agencja graficzna\" \/>\n<meta property=\"og:url\" content=\"https:\/\/www.yos-studio.com\/en\/polityka-prywatnosci\/\" \/>\n<meta property=\"og:site_name\" content=\"YOS Studio graficzne Pozna\u0144 - Agencja graficzna\" \/>\n<meta property=\"article:publisher\" content=\"https:\/\/www.facebook.com\/YOS.studio\" \/>\n<meta property=\"article:modified_time\" content=\"2021-10-18T13:04:17+00:00\" \/>\n<meta property=\"og:image\" content=\"https:\/\/www.yos-studio.com\/wp-content\/uploads\/2020\/10\/yos-okladka-strony-02.png\" \/>\n\t<meta property=\"og:image:width\" content=\"651\" \/>\n\t<meta property=\"og:image:height\" content=\"343\" \/>\n\t<meta property=\"og:image:type\" content=\"image\/png\" \/>\n<meta name=\"twitter:card\" content=\"summary_large_image\" \/>\n<script type=\"application\/ld+json\" class=\"yoast-schema-graph\">{\"@context\":\"https:\/\/schema.org\",\"@graph\":[{\"@type\":\"WebPage\",\"@id\":\"https:\/\/www.yos-studio.com\/en\/polityka-prywatnosci\/\",\"url\":\"https:\/\/www.yos-studio.com\/en\/polityka-prywatnosci\/\",\"name\":\"Polityka prywatno\u015bci i RODO - YOS Studio graficzne Pozna\u0144 - Agencja graficzna\",\"isPartOf\":{\"@id\":\"https:\/\/www.yos-studio.com\/en\/#website\"},\"datePublished\":\"2019-11-29T12:51:19+00:00\",\"dateModified\":\"2021-10-18T13:04:17+00:00\",\"breadcrumb\":{\"@id\":\"https:\/\/www.yos-studio.com\/en\/polityka-prywatnosci\/#breadcrumb\"},\"inLanguage\":\"en-US\",\"potentialAction\":[{\"@type\":\"ReadAction\",\"target\":[[\"https:\/\/www.yos-studio.com\/en\/polityka-prywatnosci\/\"]]}]},{\"@type\":\"BreadcrumbList\",\"@id\":\"https:\/\/www.yos-studio.com\/en\/polityka-prywatnosci\/#breadcrumb\",\"itemListElement\":[{\"@type\":\"ListItem\",\"position\":1,\"name\":\"Home\",\"item\":\"https:\/\/www.yos-studio.com\/en\/\"},{\"@type\":\"ListItem\",\"position\":2,\"name\":\"Polityka prywatno\u015bci i RODO\"}]},{\"@type\":\"WebSite\",\"@id\":\"https:\/\/www.yos-studio.com\/en\/#website\",\"url\":\"https:\/\/www.yos-studio.com\/en\/\",\"name\":\"YOS Studio graficzne Pozna\u0144 - Agencja graficzna\",\"description\":\"YOS to studio graficzne i agencja graficzna z Poznania. Wyposa\u017camy firmy w systemy identyfikacji wizualnej. Kreujemy rozpoznawalne, mocne marki dla nowych firm, korporacji, produkt\u00f3w, instytucji i wydarze\u0144 kulturalnych.\",\"publisher\":{\"@id\":\"https:\/\/www.yos-studio.com\/en\/#organization\"},\"potentialAction\":[{\"@type\":\"SearchAction\",\"target\":{\"@type\":\"EntryPoint\",\"urlTemplate\":\"https:\/\/www.yos-studio.com\/en\/?s={search_term_string}\"},\"query-input\":{\"@type\":\"PropertyValueSpecification\",\"valueRequired\":true,\"valueName\":\"search_term_string\"}}],\"inLanguage\":\"en-US\"},{\"@type\":\"Organization\",\"@id\":\"https:\/\/www.yos-studio.com\/en\/#organization\",\"name\":\"YOS - Studio graficzne \/ Agencja reklamowa Pozna\u0144\",\"alternateName\":\"Studio graficzne Poznan\",\"url\":\"https:\/\/www.yos-studio.com\/en\/\",\"logo\":{\"@type\":\"ImageObject\",\"inLanguage\":\"en-US\",\"@id\":\"https:\/\/www.yos-studio.com\/en\/#\/schema\/logo\/image\/\",\"url\":\"https:\/\/www.yos-studio.com\/wp-content\/uploads\/2022\/03\/yos-studio-graficzne-poznan-projekt-logo.png\",\"contentUrl\":\"https:\/\/www.yos-studio.com\/wp-content\/uploads\/2022\/03\/yos-studio-graficzne-poznan-projekt-logo.png\",\"width\":501,\"height\":501,\"caption\":\"YOS - Studio graficzne \/ Agencja reklamowa Pozna\u0144\"},\"image\":{\"@id\":\"https:\/\/www.yos-studio.com\/en\/#\/schema\/logo\/image\/\"},\"sameAs\":[\"https:\/\/www.facebook.com\/YOS.studio\",\"https:\/\/www.instagram.com\/yos.studio\/?hl=pl\",\"https:\/\/www.linkedin.com\/in\/karolpawelek\/?originalSubdomain=pl\"]}]}<\/script>\n<!-- \/ Yoast SEO plugin. -->","yoast_head_json":{"title":"Polityka prywatno\u015bci i RODO - YOS Studio graficzne Pozna\u0144 - Agencja graficzna","robots":{"index":"index","follow":"follow","max-snippet":"max-snippet:-1","max-image-preview":"max-image-preview:large","max-video-preview":"max-video-preview:-1"},"canonical":"https:\/\/www.yos-studio.com\/en\/polityka-prywatnosci\/","og_locale":"en_US","og_type":"article","og_title":"Polityka prywatno\u015bci i RODO - YOS Studio graficzne Pozna\u0144 - Agencja graficzna","og_url":"https:\/\/www.yos-studio.com\/en\/polityka-prywatnosci\/","og_site_name":"YOS Studio graficzne Pozna\u0144 - Agencja graficzna","article_publisher":"https:\/\/www.facebook.com\/YOS.studio","article_modified_time":"2021-10-18T13:04:17+00:00","og_image":[{"width":651,"height":343,"url":"https:\/\/www.yos-studio.com\/wp-content\/uploads\/2020\/10\/yos-okladka-strony-02.png","type":"image\/png"}],"twitter_card":"summary_large_image","schema":{"@context":"https:\/\/schema.org","@graph":[{"@type":"WebPage","@id":"https:\/\/www.yos-studio.com\/en\/polityka-prywatnosci\/","url":"https:\/\/www.yos-studio.com\/en\/polityka-prywatnosci\/","name":"Polityka prywatno\u015bci i RODO - YOS Studio graficzne Pozna\u0144 - Agencja graficzna","isPartOf":{"@id":"https:\/\/www.yos-studio.com\/en\/#website"},"datePublished":"2019-11-29T12:51:19+00:00","dateModified":"2021-10-18T13:04:17+00:00","breadcrumb":{"@id":"https:\/\/www.yos-studio.com\/en\/polityka-prywatnosci\/#breadcrumb"},"inLanguage":"en-US","potentialAction":[{"@type":"ReadAction","target":[["https:\/\/www.yos-studio.com\/en\/polityka-prywatnosci\/"]]}]},{"@type":"BreadcrumbList","@id":"https:\/\/www.yos-studio.com\/en\/polityka-prywatnosci\/#breadcrumb","itemListElement":[{"@type":"ListItem","position":1,"name":"Home","item":"https:\/\/www.yos-studio.com\/en\/"},{"@type":"ListItem","position":2,"name":"Polityka prywatno\u015bci i RODO"}]},{"@type":"WebSite","@id":"https:\/\/www.yos-studio.com\/en\/#website","url":"https:\/\/www.yos-studio.com\/en\/","name":"YOS Studio graficzne Pozna\u0144 - Agencja graficzna","description":"YOS to studio graficzne i agencja graficzna z Poznania. Wyposa\u017camy firmy w systemy identyfikacji wizualnej. Kreujemy rozpoznawalne, mocne marki dla nowych firm, korporacji, produkt\u00f3w, instytucji i wydarze\u0144 kulturalnych.","publisher":{"@id":"https:\/\/www.yos-studio.com\/en\/#organization"},"potentialAction":[{"@type":"SearchAction","target":{"@type":"EntryPoint","urlTemplate":"https:\/\/www.yos-studio.com\/en\/?s={search_term_string}"},"query-input":{"@type":"PropertyValueSpecification","valueRequired":true,"valueName":"search_term_string"}}],"inLanguage":"en-US"},{"@type":"Organization","@id":"https:\/\/www.yos-studio.com\/en\/#organization","name":"YOS - Studio graficzne \/ Agencja reklamowa Pozna\u0144","alternateName":"Studio graficzne Poznan","url":"https:\/\/www.yos-studio.com\/en\/","logo":{"@type":"ImageObject","inLanguage":"en-US","@id":"https:\/\/www.yos-studio.com\/en\/#\/schema\/logo\/image\/","url":"https:\/\/www.yos-studio.com\/wp-content\/uploads\/2022\/03\/yos-studio-graficzne-poznan-projekt-logo.png","contentUrl":"https:\/\/www.yos-studio.com\/wp-content\/uploads\/2022\/03\/yos-studio-graficzne-poznan-projekt-logo.png","width":501,"height":501,"caption":"YOS - Studio graficzne \/ Agencja reklamowa Pozna\u0144"},"image":{"@id":"https:\/\/www.yos-studio.com\/en\/#\/schema\/logo\/image\/"},"sameAs":["https:\/\/www.facebook.com\/YOS.studio","https:\/\/www.instagram.com\/yos.studio\/?hl=pl","https:\/\/www.linkedin.com\/in\/karolpawelek\/?originalSubdomain=pl"]}]}},"grid":"{\r\n  \"colCount\": 12,\r\n  \"colGutter\": 5,\r\n  \"rowGutters\": [\r\n    2,\r\n    2\r\n  ],\r\n  \"frameMargin\": 10,\r\n  \"topFrameMargin\": 5,\r\n  \"bottomFrameMargin\": 5,\r\n  \"rowAttrs\": [\r\n    {},\r\n    {},\r\n    {}\r\n  ],\r\n  \"bgColor\": null,\r\n  \"cont\": [\r\n    {\r\n      \"type\": \"text\",\r\n      \"cont\": \"<h2><span style=\\\"font-weight: 400;\\\">RODO<br \/><br \/><\/span><\/h2><p><b>POLITYKA PRYWATNO\u015aCI \u2013 RODO<br \/><br \/><\/b><\/p><p><b>W zwi\u0105zku z rozpocz\u0119ciem stosowania z dniem 25 maja 2018r. Rozporz\u0105dzenia Parlamentu Europejskiego i Rady (UE) 2016\/679 z dnia 27 kwietnia 2016r. w sprawie ochrony os\u00f3b fizycznych w zwi\u0105zku z przetwarzaniem danych osobowych i w sprawie swobodnego przep\u0142ywu takich danych oraz uchylenia dyrektywy 95\/46\/WE (og\u00f3lne rozporz\u0105dzenie o ochronie danych) (dalej: Rozporz\u0105dzenie) informujemy, i\u017c od dnia 25 maja 2018r b\u0119d\u0105 pani\/Panu przys\u0142ugiwa\u0142y okre\u015blone poni\u017cej prawa zwi\u0105zane z przetwarzaniem przez YOS Karol Pawe\u0142ek (dalej: YOS Studio), Pani\/Pana danych osobowych.<\/b><\/p><p><b>Jednocze\u015bnie na podstawie art.13 Rozporz\u0105dzenia informujemy, i\u017c od dnia 25 maja 2018r aktualne b\u0119d\u0105 poni\u017csze informacje i zasady zwi\u0105zane z przetwarzaniem Pani\/Pana danych osobowych przez YOS Studio.<br \/><br \/><\/b><\/p><ol><li><b> Administratorem Pani\/Pana danych osobowych jest YOS Karol Pawe\u0142ek z siedzib\u0105 w Poznaniu (61-772) przy ulicy Stary Rynek 41\/5. Dane Kontaktowe YOS Karol Pawe\u0142ek: e-mail: biuro.yos@gmail.com; tel. 512 715 114.<\/b><\/li><li><b> YOS Studio b\u0119dzie przetwarza\u0142 Pani\/Pana dane osobowe w nast\u0119puj\u0105cych celach:<\/b><\/li><li><b>a) przygotowanie na Pani\/Pana \u017c\u0105danie oferty dotycz\u0105cej wykonywania us\u0142ug oferowanych przez YOS Studio;<\/b><\/li><li><b>b) przygotowanie na Pani\/Pana \u017c\u0105danie Umowy dotycz\u0105cej wykonania oferowanych us\u0142ug przez YOS Studio;<\/b><\/li><li><b>c) wykonywania obowi\u0105zk\u00f3w wynikaj\u0105cych z zawartej z Pani\u0105\/Panem Umowy;<\/b><\/li><li><b>d) wewn\u0119trznych cel\u00f3w administracyjnych YOS Studio<\/b><\/li><li><b> Pani\/Pana dane osobowe b\u0119d\u0105 przetwarzane przez okres niezb\u0119dny do realizacji wskazanych w pkt.2 cel\u00f3w przetwarzania tj.:<\/b><\/li><li><b>a) w zakresie realizacji zawartej przez Pani\u0105\/Pana z YOS Studio Umowy, przez okres do czasu zako\u0144czenia jej realizacji, a po tym czasie przez okres w zakresie wymaganym przez przepisy prawa lub dla zabezpieczenia ewentualnych roszcze\u0144;<\/b><\/li><li><b>b) w zakresie wype\u0142niania obowi\u0105zk\u00f3w prawnych ci\u0105\u017c\u0105cych na YOS Studio w zwi\u0105zku z prowadzon\u0105 dzia\u0142alno\u015bci\u0105, przez okres do czasu wype\u0142nienia tych obowi\u0105zk\u00f3w przez YOS Studio;<\/b><\/li><li><b>c) w zakresie wewn\u0119trznych cel\u00f3w administracyjnych, przez okres do czasu wype\u0142nienia prawnie uzasadnionych interes\u00f3w stanowi\u0105cych podstaw\u0119 tego przetwarzania;<\/b><\/li><li><b> W zwi\u0105zku z przetwarzaniem przez YOS Studio Pani\/Pana danych osobowych, przys\u0142uguje Pani\/Panu:<\/b><\/li><li><b>a) prawo dost\u0119pu do tre\u015bci danych na podstawie art. 15 Rozporz\u0105dzenia;<\/b><\/li><li><b>b) prawo do sprostowania danych, na podstawie art. 16 Rozporz\u0105dzenia;<\/b><\/li><li><b>c) prawo do usuni\u0119cia danych, na podstawie art.17 Rozporz\u0105dzenia;<\/b><\/li><li><b>d) prawo do ograniczenia przetwarzania danych, na podstawie art. 18 Rozporz\u0105dzenia;<\/b><\/li><li><b>e) prawo do wniesienia sprzeciwu wobec przetwarzania danych, na podstawie art. 21 Rozporz\u0105dzenia;<\/b><\/li><li><b>f) prawo do przenoszenia danych, na podstawie art.20 Rozporz\u0105dzenia.<\/b><\/li><li><b> W przypadkach, w kt\u00f3rych przetwarzanie Pani\/Pana danych odbywa si\u0119 na podstawie art.6 ust. 1 lit. a) Rozporz\u0105dzenia tj. zgody na przetwarzanie danych osobowych, przys\u0142uguje Pani\/Panu prawo do cofni\u0119cia tej zgody w dowolnym momencie, bez wp\u0142ywu na zgodno\u015b\u0107 z prawem przetwarzania, kt\u00f3rego dokonano na podstawie zgody przed cofni\u0119ciem.<\/b><\/li><li><b> W przypadkach uznania, i\u017c przetwarzania pani\/Pana danych osobowych narusza przepisy Rozporz\u0105dzenia, przys\u0142uguje Pani\/Panu prawo do wniesienia skargi do organu nadzorczego (tj. do dnia 25 maja 2018r. do Generalnego Inspektora Ochrony Danych Osobowych, a po tej dacie do organu b\u0119d\u0105cego jego nast\u0119pc\u0105).<\/b><\/li><li><b> W zakresie, w jakim przetwarzanie Pani\/Pana danych nast\u0119puje w celu zawarcia Umowy, przygotowania Oferty lub realizacji Umowy z YOS Studio, podanie Pani\/Pana danych jest warunkiem przygotowania Oferty lub zawarcia Umowy. Podanie danych ma charakter dobrowolny, jednak konsekwencj\u0105 niepodania tych danych b\u0119dzie brak mo\u017cliwo\u015bci przygotowania Oferty, zawarcia i realizacji Umowy z YOS Studio.<\/b><\/li><\/ol><p>\u00a0<\/p>\",\r\n      \"align\": \"top\",\r\n      \"row\": 0,\r\n      \"col\": 0,\r\n      \"colspan\": 12,\r\n      \"offsetx\": 0,\r\n      \"offsety\": 0,\r\n      \"spaceabove\": 0,\r\n      \"spacebelow\": 0,\r\n      \"yvel\": 1,\r\n      \"push\": 0,\r\n      \"relid\": 32\r\n    },\r\n    {\r\n      \"type\": \"text\",\r\n      \"cont\": \"<p style=\\\"text-align: center;\\\">Ciasteczka:<\/p>\",\r\n      \"align\": \"middle\",\r\n      \"row\": 1,\r\n      \"col\": 0,\r\n      \"colspan\": 12,\r\n      \"offsetx\": 0,\r\n      \"offsety\": 0,\r\n      \"spaceabove\": 0,\r\n      \"spacebelow\": 0,\r\n      \"yvel\": 1,\r\n      \"push\": 0,\r\n      \"relid\": 34,\r\n      \"frameOverflow\": \"\"\r\n    },\r\n    {\r\n      \"type\": \"text\",\r\n      \"cont\": \"<p style=\\\"line-height: 1; text-align: center;\\\">\u00a0<\/p><table class=\\\" aligncenter\\\"><tbody><tr><td><p style=\\\"text-align: center;\\\"><span style=\\\"font-weight: 400; letter-spacing: 0em;\\\">Nazwa ciasteczka<\/span><\/p><\/td><td style=\\\"text-align: center;\\\"><p><span style=\\\"font-weight: 400; letter-spacing: 0em;\\\">Czas wyga\u015bni\u0119cia<\/span><\/p><\/td><td style=\\\"text-align: center;\\\"><p><span style=\\\"font-weight: 400; letter-spacing: 0em;\\\">Opis<\/span><\/p><\/td><td><p style=\\\"text-align: center;\\\"><span style=\\\"font-weight: 400; letter-spacing: 0em;\\\">Opis dodatkowy<\/span><\/p><\/td><\/tr><tr><td><p style=\\\"text-align: center;\\\"><span style=\\\"font-weight: 400; letter-spacing: 0em;\\\">_first_pageview<\/span><\/p><\/td><td><p style=\\\"text-align: center;\\\"><span style=\\\"font-weight: 400; letter-spacing: 0em;\\\">10 minut<\/span><\/p><\/td><td><p>\u201cCookie\u201d sesyjne ustawione podczas pierwszego podgl\u0105du strony przy ka\u017cdej wizycie. Jego cel to sprawdzenie,\u00a0 \u017ce pewne cz\u0119\u015bci kodu w\u0142\u0105czaj\u0105 si\u0119 przy pierwszym podgl\u0105dzie strony, przyspieszaj\u0105c jej dzia\u0142anie i poprawiaj\u0105c efektywno\u015b\u0107<\/p><\/td><td>\u00a0<\/td><\/tr><tr><td><p style=\\\"text-align: center;\\\"><span style=\\\"font-weight: 400; letter-spacing: 0em;\\\">_jsuid<\/span><\/p><\/td><td><p style=\\\"text-align: center;\\\"><span style=\\\"font-weight: 400; letter-spacing: 0em;\\\">13 miesi\u0119cy<\/span><\/p><\/td><td><p><span style=\\\"font-weight: 400; letter-spacing: 0em;\\\">To \u201cciasteczko\u201d przechowuje losow\u0105 liczb\u0119, kt\u00f3ra jest generowana przy pierwszym wej\u015bciu na stron\u0119. Jego celem jest zidentyfikowanie nowych u\u017cytkownik\u00f3w strony.<\/span><\/p><\/td><td>\u00a0<\/td><\/tr><tr><td><p style=\\\"text-align: center;\\\"><span style=\\\"font-weight: 400; letter-spacing: 0em;\\\">_referrer_og<\/span><\/p><\/td><td><p style=\\\"text-align: center;\\\"><span style=\\\"font-weight: 400; letter-spacing: 0em;\\\">90 dni<\/span><\/p><\/td><td><p><span style=\\\"font-weight: 400; letter-spacing: 0em;\\\">To \u201cciasteczko\u201d przechowuje dane dotycz\u0105ce referencji zewn\u0119trznych u\u017cytkownika<\/span><\/p><\/td><td>\u00a0<\/td><\/tr><tr><td><p style=\\\"text-align: center;\\\"><span style=\\\"font-weight: 400; letter-spacing: 0em;\\\">_ga<\/span><\/p><\/td><td><p style=\\\"text-align: center;\\\"><span style=\\\"font-weight: 400; letter-spacing: 0em;\\\">2 lata<\/span><\/p><\/td><td><p><span style=\\\"font-weight: 400; letter-spacing: 0em;\\\">Ten zewn\u0119trzny plik ciasteczko Google Analytics s\u0142u\u017cy do rozr\u00f3\u017cniania u\u017cytkownik\u00f3w na potrzeby gromadzenia informacji na temat odwiedzin na stronie. Ten plik ciasteczko pomaga nam identyfikowa\u0107 obszary witryny, kt\u00f3re wymagaj\u0105 udoskonalenia. Plik ciasteczko _ga nie pozwala nam na identyfikacj\u0119 osobow\u0105 u\u017cytkownika, poniewa\u017c nie s\u0105 zbierane \u017cadne informacje ani dane osobowe.<\/span><\/p><p><span style=\\\"letter-spacing: 0em;\\\"><a href=\\\"http:\/\/www.google.com\/policies\/privacy\/\\\"><span style=\\\"font-weight: 400;\\\">Kliknij<\/span><\/a><span style=\\\"font-weight: 400;\\\">, aby zapozna\u0107 si\u0119 z polityk\u0105 prywatno\u015bci Google<\/span><\/span><\/p><\/td><td><p><span style=\\\"letter-spacing: 0em;\\\"><span style=\\\"font-weight: 400;\\\">Cookie firmy trzeciej umieszczony <\/span><span style=\\\"font-weight: 400;\\\"><br \/><\/span><span style=\\\"font-weight: 400;\\\">i odczytywany przez: Google Analytics [administrator cookies: Google Inc z siedzib\u0105 w USA]<\/span><\/span><\/p><\/td><\/tr><tr><td><p style=\\\"text-align: center;\\\"><span style=\\\"font-weight: 400; letter-spacing: 0em;\\\">_gid<\/span><\/p><\/td><td><p style=\\\"text-align: center;\\\"><span style=\\\"font-weight: 400; letter-spacing: 0em;\\\">24 godziny<\/span><\/p><\/td><td><p><span style=\\\"font-weight: 400; letter-spacing: 0em;\\\">Ten zewn\u0119trzny plik ciasteczko Google Analytics s\u0142u\u017cy do odr\u00f3\u017cnienia unikalnych u\u017cytkownik\u00f3w.<\/span><\/p><p><span style=\\\"letter-spacing: 0em;\\\"><a href=\\\"http:\/\/www.google.com\/policies\/privacy\/\\\"><span style=\\\"font-weight: 400;\\\">Kliknij<\/span><\/a><span style=\\\"font-weight: 400;\\\">, aby zapozna\u0107 si\u0119 z polityk\u0105 prywatno\u015bci Google<\/span><\/span><\/p><\/td><td><p><span style=\\\"letter-spacing: 0em;\\\"><span style=\\\"font-weight: 400;\\\">Cookie firmy trzeciej umieszczony <\/span><span style=\\\"font-weight: 400;\\\"><br \/><\/span><span style=\\\"font-weight: 400;\\\">i odczytywany przez: Google Analytics [administrator cookies: Google Inc z siedzib\u0105 w USA]<\/span><\/span><\/p><\/td><\/tr><tr><td><p style=\\\"text-align: center;\\\"><span style=\\\"font-weight: 400; letter-spacing: 0em;\\\">_gat<\/span><\/p><\/td><td><p style=\\\"text-align: center;\\\"><span style=\\\"font-weight: 400; letter-spacing: 0em;\\\">1 minuta<\/span><\/p><\/td><td><p><span style=\\\"font-weight: 400; letter-spacing: 0em;\\\">Ten zewn\u0119trzny plik ciasteczko Google Analytics jest wykorzystywany przez Google Analytics do monitorowania wska\u017anika zapyta\u0144 w odniesieniu do w\u0142asnych serwer\u00f3w. Ten plik ciasteczko pomaga nam identyfikowa\u0107 obszary witryny, kt\u00f3re wymagaj\u0105 udoskonalenia. Plik ciasteczko _gat nie pozwala na identyfikacj\u0119 osobow\u0105 u\u017cytkownika, poniewa\u017c nie s\u0105 zbierane \u017cadne informacje ani dane osobowe.<\/span><\/p><p><span style=\\\"letter-spacing: 0em;\\\"><a href=\\\"http:\/\/www.google.com\/policies\/privacy\/\\\"><span style=\\\"font-weight: 400;\\\">Kliknij<\/span><\/a><span style=\\\"font-weight: 400;\\\">, aby zapozna\u0107 si\u0119 z polityk\u0105 prywatno\u015bci Google<\/span><\/span><\/p><\/td><td><p><span style=\\\"letter-spacing: 0em;\\\"><span style=\\\"font-weight: 400;\\\">Cookie firmy trzeciej umieszczony <\/span><span style=\\\"font-weight: 400;\\\"><br \/><\/span><span style=\\\"font-weight: 400;\\\">i odczytywany przez: Google Analytics [administrator cookies: Google Inc z siedzib\u0105 w USA]<\/span><\/span><\/p><\/td><\/tr><tr><td><p><span style=\\\"font-weight: 400; letter-spacing: 0em;\\\">no_tracky_<br \/>[site_id]:<\/span><\/p><\/td><td><p><span style=\\\"font-weight: 400; letter-spacing: 0em;\\\">1 godzina<\/span><\/p><\/td><td><p style=\\\"text-align: left;\\\"><span style=\\\"font-weight: 400; letter-spacing: 0em;\\\">S\u0105 to pliki cookie ustawiane przez analityk\u0119 internetow\u0105 Clicky, kt\u00f3ra pozwala nam analizowa\u0107 odwiedzaj\u0105cych witryn\u0119. Ciasteczka analityczne Clicky nie gromadz\u0105 danych osobowych o odwiedzaj\u0105cych nasz\u0105 stron\u0119 internetow\u0105.\u00a0<\/span><\/p><br \/><p style=\\\"text-align: left;\\\"><span style=\\\"letter-spacing: 0em;\\\"><a href=\\\"http:\/\/clicky.com\/terms\\\"><span style=\\\"font-weight: 400;\\\">Kliknij<\/span><\/a><span style=\\\"font-weight: 400;\\\">, aby zapozna\u0107 si\u0119 z polityk\u0105 prywatno\u015bci Clicky<\/span><\/span><\/p><\/td><td><p style=\\\"text-align: left;\\\"><span style=\\\"letter-spacing: 0em;\\\"><span style=\\\"font-weight: 400;\\\">Cookie firmy trzeciej umieszczony <\/span><span style=\\\"font-weight: 400;\\\"><br \/><\/span><span style=\\\"font-weight: 400;\\\">i odczytywany przez: Clicky<\/span><\/span><\/p><p style=\\\"text-align: left;\\\"><span style=\\\"letter-spacing: 0em;\\\"><span style=\\\"font-weight: 400;\\\">[administrator cookies: Clicky <\/span><span style=\\\"font-weight: 400;\\\"><br \/><\/span><span style=\\\"font-weight: 400;\\\">z siedzib\u0105 w USA]<\/span><\/span><\/p><\/td><\/tr><\/tbody><\/table>\",\r\n      \"align\": \"top\",\r\n      \"row\": 2,\r\n      \"col\": 0,\r\n      \"colspan\": 12,\r\n      \"offsetx\": 0,\r\n      \"offsety\": 0,\r\n      \"spaceabove\": 0,\r\n      \"spacebelow\": 0,\r\n      \"yvel\": 1,\r\n      \"push\": 0,\r\n      \"relid\": 33,\r\n      \"frameOverflow\": \"\"\r\n    }\r\n  ]\r\n}","phonegrid":"","_links":{"self":[{"href":"https:\/\/www.yos-studio.com\/en\/wp-json\/wp\/v2\/pages\/1094"}],"collection":[{"href":"https:\/\/www.yos-studio.com\/en\/wp-json\/wp\/v2\/pages"}],"about":[{"href":"https:\/\/www.yos-studio.com\/en\/wp-json\/wp\/v2\/types\/page"}],"author":[{"embeddable":true,"href":"https:\/\/www.yos-studio.com\/en\/wp-json\/wp\/v2\/users\/1"}],"replies":[{"embeddable":true,"href":"https:\/\/www.yos-studio.com\/en\/wp-json\/wp\/v2\/comments?post=1094"}],"version-history":[{"count":0,"href":"https:\/\/www.yos-studio.com\/en\/wp-json\/wp\/v2\/pages\/1094\/revisions"}],"wp:attachment":[{"href":"https:\/\/www.yos-studio.com\/en\/wp-json\/wp\/v2\/media?parent=1094"}],"curies":[{"name":"wp","href":"https:\/\/api.w.org\/{rel}","templated":true}]}}